{"id":83365,"date":"2025-11-11T23:53:18","date_gmt":"2025-11-11T22:53:18","guid":{"rendered":"https:\/\/www.ernstbrunn-apotheke.at\/katalog\/produkt\/anatis-bittermelonen-kapseln\/"},"modified":"2025-12-08T19:32:39","modified_gmt":"2025-12-08T18:32:39","slug":"anatis-bittermelonen-kapseln","status":"publish","type":"product","link":"https:\/\/www.ernstbrunn-apotheke.at\/katalog\/produkt\/anatis-bittermelonen-kapseln\/","title":{"rendered":"Anatis Bittermelonen Kapseln"},"content":{"rendered":"<p>Anatis Bittermelonen Kapseln sind ein Nahrungserg\u00e4nzungsmittel mit dem Frucht-Extrakt der Bittermelone erweitert mit Zimtexktrakt und Chrom. Bittermelone gilt als einer der Gr\u00fcnde f\u00fcr geistige und k\u00f6rperliche Fitness bis ins hohe Alter. Chrom tr\u00e4gt zu einem normalen Stoffwechsel von Makron\u00e4hrstoffen sowie zur Aufrechterhaltung eines normalen Blutzuckerspiegels bei.<\/p>\n","protected":false},"excerpt":{"rendered":"<p>Anatis Bittermelonen Kapseln sind ein Nahrungserg\u00e4nzungsmittel mit dem Frucht-Extrakt der Bittermelone erweitert mit Zimtexktrakt und Chrom. Bittermelone gilt als einer der Gr\u00fcnde f\u00fcr geistige und k\u00f6rperliche Fitness bis ins hohe Alter. Chrom tr\u00e4gt zu einem normalen Stoffwechsel von Makron\u00e4hrstoffen sowie zur Aufrechterhaltung eines normalen Blutzuckerspiegels bei.<\/p>\n","protected":false},"featured_media":83367,"template":"","meta":{"_acf_changed":false},"product_brand":[453],"product_cat":[801],"product_tag":[],"class_list":{"0":"post-83365","1":"product","2":"type-product","3":"status-publish","4":"has-post-thumbnail","6":"product_brand-anatis","7":"product_cat-a","8":"pa_packungsgroesse-60-stueck","10":"first","11":"instock","12":"shipping-taxable","13":"purchasable","14":"product-type-simple"},"acf":[],"_links":{"self":[{"href":"https:\/\/www.ernstbrunn-apotheke.at\/katalog\/wp-json\/wp\/v2\/product\/83365","targetHints":{"allow":["GET"]}}],"collection":[{"href":"https:\/\/www.ernstbrunn-apotheke.at\/katalog\/wp-json\/wp\/v2\/product"}],"about":[{"href":"https:\/\/www.ernstbrunn-apotheke.at\/katalog\/wp-json\/wp\/v2\/types\/product"}],"wp:featuredmedia":[{"embeddable":true,"href":"https:\/\/www.ernstbrunn-apotheke.at\/katalog\/wp-json\/wp\/v2\/media\/83367"}],"wp:attachment":[{"href":"https:\/\/www.ernstbrunn-apotheke.at\/katalog\/wp-json\/wp\/v2\/media?parent=83365"}],"wp:term":[{"taxonomy":"product_brand","embeddable":true,"href":"https:\/\/www.ernstbrunn-apotheke.at\/katalog\/wp-json\/wp\/v2\/product_brand?post=83365"},{"taxonomy":"product_cat","embeddable":true,"href":"https:\/\/www.ernstbrunn-apotheke.at\/katalog\/wp-json\/wp\/v2\/product_cat?post=83365"},{"taxonomy":"product_tag","embeddable":true,"href":"https:\/\/www.ernstbrunn-apotheke.at\/katalog\/wp-json\/wp\/v2\/product_tag?post=83365"}],"curies":[{"name":"wp","href":"https:\/\/api.w.org\/{rel}","templated":true}]}}