{"id":83234,"date":"2025-11-11T23:50:52","date_gmt":"2025-11-11T22:50:52","guid":{"rendered":"https:\/\/www.ernstbrunn-apotheke.at\/katalog\/produkt\/prontoderm-loesung-west-500-ml\/"},"modified":"2025-12-08T19:31:56","modified_gmt":"2025-12-08T18:31:56","slug":"prontoderm-loesung-west-500-ml","status":"publish","type":"product","link":"https:\/\/www.ernstbrunn-apotheke.at\/katalog\/produkt\/prontoderm-loesung-west-500-ml\/","title":{"rendered":"Prontoderm L\u00f6sung West 500 ml"},"content":{"rendered":"<p>Die B. Braun Austria Ges. m.b.H. ist als Tochter des B. Braun-Konzerns nicht nur f\u00fcr den Vertrieb in \u00d6sterreich zust\u00e4ndig, sondern gleichzeitig verantwortlich f\u00fcr die Region S\u00fcdosteuropa (RSEE). Im Jahr 2015 verzeichnete das Unternehmen einen Umsatz von rund 60 Mio. Euro in \u00d6sterreich und rund 300 Mio. Euro in der Region RSEE. \u00dcber 250 Mitarbeiter arbeiten f\u00fcr B. Braun in \u00d6sterreich, mehr als 2.000 in der Region, f\u00fcr die B. Braun \u00d6sterreich verantwortlich zeichnet  alle Produkte von B. Braun<\/p>\n","protected":false},"excerpt":{"rendered":"<p>Die B. Braun Austria Ges. m.b.H. ist als Tochter des B. Braun-Konzerns nicht nur f\u00fcr den Vertrieb in \u00d6sterreich zust\u00e4ndig, sondern gleichzeitig verantwortlich f\u00fcr die Region S\u00fcdosteuropa (RSEE). Im Jahr 2015 verzeichnete das Unternehmen einen Umsatz von rund 60 Mio. Euro in \u00d6sterreich und rund 300 Mio. Euro in der Region RSEE. \u00dcber 250 Mitarbeiter [&hellip;]<\/p>\n","protected":false},"featured_media":0,"template":"","meta":{"_acf_changed":false},"product_brand":[],"product_cat":[793],"product_tag":[],"class_list":{"0":"post-83234","1":"product","2":"type-product","3":"status-publish","5":"product_cat-p","6":"pa_packungsgroesse-500ml","8":"first","9":"instock","10":"shipping-taxable","11":"purchasable","12":"product-type-simple"},"acf":[],"_links":{"self":[{"href":"https:\/\/www.ernstbrunn-apotheke.at\/katalog\/wp-json\/wp\/v2\/product\/83234","targetHints":{"allow":["GET"]}}],"collection":[{"href":"https:\/\/www.ernstbrunn-apotheke.at\/katalog\/wp-json\/wp\/v2\/product"}],"about":[{"href":"https:\/\/www.ernstbrunn-apotheke.at\/katalog\/wp-json\/wp\/v2\/types\/product"}],"wp:attachment":[{"href":"https:\/\/www.ernstbrunn-apotheke.at\/katalog\/wp-json\/wp\/v2\/media?parent=83234"}],"wp:term":[{"taxonomy":"product_brand","embeddable":true,"href":"https:\/\/www.ernstbrunn-apotheke.at\/katalog\/wp-json\/wp\/v2\/product_brand?post=83234"},{"taxonomy":"product_cat","embeddable":true,"href":"https:\/\/www.ernstbrunn-apotheke.at\/katalog\/wp-json\/wp\/v2\/product_cat?post=83234"},{"taxonomy":"product_tag","embeddable":true,"href":"https:\/\/www.ernstbrunn-apotheke.at\/katalog\/wp-json\/wp\/v2\/product_tag?post=83234"}],"curies":[{"name":"wp","href":"https:\/\/api.w.org\/{rel}","templated":true}]}}