{"id":83228,"date":"2025-11-11T23:50:10","date_gmt":"2025-11-11T22:50:10","guid":{"rendered":"https:\/\/www.ernstbrunn-apotheke.at\/katalog\/produkt\/body-enthaarungsspray-for-men-200-ml\/"},"modified":"2025-12-08T19:31:53","modified_gmt":"2025-12-08T18:31:53","slug":"body-enthaarungsspray-for-men-200-ml","status":"publish","type":"product","link":"https:\/\/www.ernstbrunn-apotheke.at\/katalog\/produkt\/body-enthaarungsspray-for-men-200-ml\/","title":{"rendered":"Body Enthaarungsspray for men 200 ml"},"content":{"rendered":"<p>Body Enthaarungsspray for men wurde speziell zur sanften und effektiven Entfernung von m\u00e4nnlichen K\u00f6rperhaaren entwickelt. Der Depilan for men Enthaarungsspray enth\u00e4lt feuchtigkeitsspendendes Urea, beruhigende Aloe Vera und Vitamin E. Der Enthaarungsspray ist auch gro\u00dffl\u00e4chig leicht aufzutragen und kann aus jeder Position gespr\u00fcht werden.<\/p>\n","protected":false},"excerpt":{"rendered":"<p>Body Enthaarungsspray for men wurde speziell zur sanften und effektiven Entfernung von m\u00e4nnlichen K\u00f6rperhaaren entwickelt. Der Depilan for men Enthaarungsspray enth\u00e4lt feuchtigkeitsspendendes Urea, beruhigende Aloe Vera und Vitamin E. Der Enthaarungsspray ist auch gro\u00dffl\u00e4chig leicht aufzutragen und kann aus jeder Position gespr\u00fcht werden.<\/p>\n","protected":false},"featured_media":83230,"template":"","meta":{"_acf_changed":false},"product_brand":[],"product_cat":[802],"product_tag":[],"class_list":{"0":"post-83228","1":"product","2":"type-product","3":"status-publish","4":"has-post-thumbnail","6":"product_cat-b","7":"pa_packungsgroesse-200ml","9":"first","10":"instock","11":"shipping-taxable","12":"purchasable","13":"product-type-simple"},"acf":[],"_links":{"self":[{"href":"https:\/\/www.ernstbrunn-apotheke.at\/katalog\/wp-json\/wp\/v2\/product\/83228","targetHints":{"allow":["GET"]}}],"collection":[{"href":"https:\/\/www.ernstbrunn-apotheke.at\/katalog\/wp-json\/wp\/v2\/product"}],"about":[{"href":"https:\/\/www.ernstbrunn-apotheke.at\/katalog\/wp-json\/wp\/v2\/types\/product"}],"wp:featuredmedia":[{"embeddable":true,"href":"https:\/\/www.ernstbrunn-apotheke.at\/katalog\/wp-json\/wp\/v2\/media\/83230"}],"wp:attachment":[{"href":"https:\/\/www.ernstbrunn-apotheke.at\/katalog\/wp-json\/wp\/v2\/media?parent=83228"}],"wp:term":[{"taxonomy":"product_brand","embeddable":true,"href":"https:\/\/www.ernstbrunn-apotheke.at\/katalog\/wp-json\/wp\/v2\/product_brand?post=83228"},{"taxonomy":"product_cat","embeddable":true,"href":"https:\/\/www.ernstbrunn-apotheke.at\/katalog\/wp-json\/wp\/v2\/product_cat?post=83228"},{"taxonomy":"product_tag","embeddable":true,"href":"https:\/\/www.ernstbrunn-apotheke.at\/katalog\/wp-json\/wp\/v2\/product_tag?post=83228"}],"curies":[{"name":"wp","href":"https:\/\/api.w.org\/{rel}","templated":true}]}}