{"id":83057,"date":"2025-11-11T23:47:44","date_gmt":"2025-11-11T22:47:44","guid":{"rendered":"https:\/\/www.ernstbrunn-apotheke.at\/katalog\/produkt\/lensilux-all-in-one-kombi-hyaluron-mit-behaelter-360-ml\/"},"modified":"2025-12-08T19:30:43","modified_gmt":"2025-12-08T18:30:43","slug":"lensilux-all-in-one-kombi-hyaluron-mit-behaelter-360-ml","status":"publish","type":"product","link":"https:\/\/www.ernstbrunn-apotheke.at\/katalog\/produkt\/lensilux-all-in-one-kombi-hyaluron-mit-behaelter-360-ml\/","title":{"rendered":"Lensilux All-in-one Kombi Hyaluron mit Beh\u00e4lter 360 ml"},"content":{"rendered":"<p>Lensilux All-in-one Kombi Hyaluron mit Beh\u00e4lter ist die multifunktionale L\u00f6sung f\u00fcr die Pflege und Aufbewahrung weicher Kontaktlinsen. Das multifunktionale Kontaktlinsenmittel verbindet die Reinigung, die Desinfektion und das Absp\u00fclen von weichen Kontaktlinsen in einer L\u00f6sung. Zus\u00e4tzlich werden die Oberfl\u00e4chen der Linsen benetzt.<\/p>\n","protected":false},"excerpt":{"rendered":"<p>Lensilux All-in-one Kombi Hyaluron mit Beh\u00e4lter ist die multifunktionale L\u00f6sung f\u00fcr die Pflege und Aufbewahrung weicher Kontaktlinsen. Das multifunktionale Kontaktlinsenmittel verbindet die Reinigung, die Desinfektion und das Absp\u00fclen von weichen Kontaktlinsen in einer L\u00f6sung. Zus\u00e4tzlich werden die Oberfl\u00e4chen der Linsen benetzt.<\/p>\n","protected":false},"featured_media":83059,"template":"","meta":{"_acf_changed":false},"product_brand":[],"product_cat":[795],"product_tag":[],"class_list":{"0":"post-83057","1":"product","2":"type-product","3":"status-publish","4":"has-post-thumbnail","6":"product_cat-l","7":"pa_packungsgroesse-360ml","9":"first","10":"instock","11":"shipping-taxable","12":"purchasable","13":"product-type-simple"},"acf":[],"_links":{"self":[{"href":"https:\/\/www.ernstbrunn-apotheke.at\/katalog\/wp-json\/wp\/v2\/product\/83057","targetHints":{"allow":["GET"]}}],"collection":[{"href":"https:\/\/www.ernstbrunn-apotheke.at\/katalog\/wp-json\/wp\/v2\/product"}],"about":[{"href":"https:\/\/www.ernstbrunn-apotheke.at\/katalog\/wp-json\/wp\/v2\/types\/product"}],"wp:featuredmedia":[{"embeddable":true,"href":"https:\/\/www.ernstbrunn-apotheke.at\/katalog\/wp-json\/wp\/v2\/media\/83059"}],"wp:attachment":[{"href":"https:\/\/www.ernstbrunn-apotheke.at\/katalog\/wp-json\/wp\/v2\/media?parent=83057"}],"wp:term":[{"taxonomy":"product_brand","embeddable":true,"href":"https:\/\/www.ernstbrunn-apotheke.at\/katalog\/wp-json\/wp\/v2\/product_brand?post=83057"},{"taxonomy":"product_cat","embeddable":true,"href":"https:\/\/www.ernstbrunn-apotheke.at\/katalog\/wp-json\/wp\/v2\/product_cat?post=83057"},{"taxonomy":"product_tag","embeddable":true,"href":"https:\/\/www.ernstbrunn-apotheke.at\/katalog\/wp-json\/wp\/v2\/product_tag?post=83057"}],"curies":[{"name":"wp","href":"https:\/\/api.w.org\/{rel}","templated":true}]}}