{"id":8305,"date":"2025-11-07T13:40:14","date_gmt":"2025-11-07T12:40:14","guid":{"rendered":"https:\/\/www.ernstbrunn-apotheke.at\/katalog\/produkt\/hylo-vision-hd-augentropfen\/"},"modified":"2025-12-08T13:25:22","modified_gmt":"2025-12-08T12:25:22","slug":"hylo-vision-hd-augentropfen","status":"publish","type":"product","link":"https:\/\/www.ernstbrunn-apotheke.at\/katalog\/produkt\/hylo-vision-hd-augentropfen\/","title":{"rendered":"HYLO &#8211; VISION HD Augentropfen"},"content":{"rendered":"<p>Eine Wohltat f\u00fcr trockene Augen sind Benetzungsmittel mit dem Inhaltsstoff Hyalurons\u00e4ure, das in den Hylo-Vision\u00ae-Zubereitungen (Hylo-Vision\u00ae HD, Hylo-Vision\u00ae HD plus, Hylo-Vision\u00ae sine, Hylo-Vision\u00ae Gel sine, Hylo-Vision\u00ae SafeDrop\u00ae, Hylo-Vision\u00ae SafeDrop\u00ae Gel und Hylo-Vision\u00ae Gel multi) enthalten ist. Die in den Augentropfen enthaltene Hyalurons\u00e4ure befeuchtet die Augenoberfl\u00e4che bei trockenen und brennenden Augen\u2013 also Horn- und Bindehaut \u2013 sehr \u00e4hnlich der k\u00f6rpereigenen Tr\u00e4nenfl\u00fcssigkeit und ist als nat\u00fcrliche Substanz sehr gut vertr\u00e4glich. Sie bildet einen klaren, lang anhaltenden Schutzfilm auf der Augenoberfl\u00e4che. Hyalurons\u00e4ure unterst\u00fctzt zudem die Regeneration der Hornhaut bei trockenen Augen.<\/p>\n","protected":false},"excerpt":{"rendered":"<p>Eine Wohltat f\u00fcr trockene Augen sind Benetzungsmittel mit dem Inhaltsstoff Hyalurons\u00e4ure, das in den Hylo-Vision\u00ae-Zubereitungen (Hylo-Vision\u00ae HD, Hylo-Vision\u00ae HD plus, Hylo-Vision\u00ae sine, Hylo-Vision\u00ae Gel sine, Hylo-Vision\u00ae SafeDrop\u00ae, Hylo-Vision\u00ae SafeDrop\u00ae Gel und Hylo-Vision\u00ae Gel multi) enthalten ist. Die in den Augentropfen enthaltene Hyalurons\u00e4ure befeuchtet die Augenoberfl\u00e4che bei trockenen und brennenden Augen\u2013 also Horn- und Bindehaut \u2013 [&hellip;]<\/p>\n","protected":false},"featured_media":8307,"template":"","meta":{"_acf_changed":false},"product_brand":[],"product_cat":[805],"product_tag":[],"class_list":{"0":"post-8305","1":"product","2":"type-product","3":"status-publish","4":"has-post-thumbnail","6":"product_cat-h","7":"pa_packungsgroesse-1-stueck","9":"first","10":"instock","11":"shipping-taxable","12":"purchasable","13":"product-type-simple"},"acf":[],"_links":{"self":[{"href":"https:\/\/www.ernstbrunn-apotheke.at\/katalog\/wp-json\/wp\/v2\/product\/8305","targetHints":{"allow":["GET"]}}],"collection":[{"href":"https:\/\/www.ernstbrunn-apotheke.at\/katalog\/wp-json\/wp\/v2\/product"}],"about":[{"href":"https:\/\/www.ernstbrunn-apotheke.at\/katalog\/wp-json\/wp\/v2\/types\/product"}],"wp:featuredmedia":[{"embeddable":true,"href":"https:\/\/www.ernstbrunn-apotheke.at\/katalog\/wp-json\/wp\/v2\/media\/8307"}],"wp:attachment":[{"href":"https:\/\/www.ernstbrunn-apotheke.at\/katalog\/wp-json\/wp\/v2\/media?parent=8305"}],"wp:term":[{"taxonomy":"product_brand","embeddable":true,"href":"https:\/\/www.ernstbrunn-apotheke.at\/katalog\/wp-json\/wp\/v2\/product_brand?post=8305"},{"taxonomy":"product_cat","embeddable":true,"href":"https:\/\/www.ernstbrunn-apotheke.at\/katalog\/wp-json\/wp\/v2\/product_cat?post=8305"},{"taxonomy":"product_tag","embeddable":true,"href":"https:\/\/www.ernstbrunn-apotheke.at\/katalog\/wp-json\/wp\/v2\/product_tag?post=8305"}],"curies":[{"name":"wp","href":"https:\/\/api.w.org\/{rel}","templated":true}]}}