{"id":83019,"date":"2025-11-11T23:46:29","date_gmt":"2025-11-11T22:46:29","guid":{"rendered":"https:\/\/www.ernstbrunn-apotheke.at\/katalog\/produkt\/australische-buschbluetenessenz-dog-rose-15-ml\/"},"modified":"2025-12-08T19:30:21","modified_gmt":"2025-12-08T18:30:21","slug":"australische-buschbluetenessenz-dog-rose-15-ml","status":"publish","type":"product","link":"https:\/\/www.ernstbrunn-apotheke.at\/katalog\/produkt\/australische-buschbluetenessenz-dog-rose-15-ml\/","title":{"rendered":"Australische Buschbl\u00fctenessenz Dog Rose 15 ml"},"content":{"rendered":"<p>Australische Buschbl\u00fctenessenz Dog Rose findet Verwendung bei kleinen, nagenden \u00c4ngsten. Ihre \u00dcberwindung verst\u00e4rkt den Fluss der Lebenskraft, erh\u00f6ht die Lebensqualit\u00e4t, den Mut und das Selbstbewusstsein. Diese Bl\u00fctenessenzen sind auch f\u00fcr scheue, unsichere, sch\u00fcchterne und nerv\u00f6se Menschen geeignet.<\/p>\n","protected":false},"excerpt":{"rendered":"<p>Australische Buschbl\u00fctenessenz Dog Rose findet Verwendung bei kleinen, nagenden \u00c4ngsten. Ihre \u00dcberwindung verst\u00e4rkt den Fluss der Lebenskraft, erh\u00f6ht die Lebensqualit\u00e4t, den Mut und das Selbstbewusstsein. Diese Bl\u00fctenessenzen sind auch f\u00fcr scheue, unsichere, sch\u00fcchterne und nerv\u00f6se Menschen geeignet.<\/p>\n","protected":false},"featured_media":0,"template":"","meta":{"_acf_changed":false},"product_brand":[930],"product_cat":[801],"product_tag":[],"class_list":{"0":"post-83019","1":"product","2":"type-product","3":"status-publish","5":"product_brand-australische-buschblueten","6":"product_cat-a","7":"pa_packungsgroesse-15ml","9":"first","10":"instock","11":"shipping-taxable","12":"purchasable","13":"product-type-simple"},"acf":[],"_links":{"self":[{"href":"https:\/\/www.ernstbrunn-apotheke.at\/katalog\/wp-json\/wp\/v2\/product\/83019","targetHints":{"allow":["GET"]}}],"collection":[{"href":"https:\/\/www.ernstbrunn-apotheke.at\/katalog\/wp-json\/wp\/v2\/product"}],"about":[{"href":"https:\/\/www.ernstbrunn-apotheke.at\/katalog\/wp-json\/wp\/v2\/types\/product"}],"wp:attachment":[{"href":"https:\/\/www.ernstbrunn-apotheke.at\/katalog\/wp-json\/wp\/v2\/media?parent=83019"}],"wp:term":[{"taxonomy":"product_brand","embeddable":true,"href":"https:\/\/www.ernstbrunn-apotheke.at\/katalog\/wp-json\/wp\/v2\/product_brand?post=83019"},{"taxonomy":"product_cat","embeddable":true,"href":"https:\/\/www.ernstbrunn-apotheke.at\/katalog\/wp-json\/wp\/v2\/product_cat?post=83019"},{"taxonomy":"product_tag","embeddable":true,"href":"https:\/\/www.ernstbrunn-apotheke.at\/katalog\/wp-json\/wp\/v2\/product_tag?post=83019"}],"curies":[{"name":"wp","href":"https:\/\/api.w.org\/{rel}","templated":true}]}}