{"id":83001,"date":"2025-11-11T23:46:29","date_gmt":"2025-11-11T22:46:29","guid":{"rendered":"https:\/\/www.ernstbrunn-apotheke.at\/katalog\/produkt\/neutrogena-hydro-boost-aquapeeling-150-ml\/"},"modified":"2025-12-08T19:30:16","modified_gmt":"2025-12-08T18:30:16","slug":"neutrogena-hydro-boost-aquapeeling-150-ml","status":"publish","type":"product","link":"https:\/\/www.ernstbrunn-apotheke.at\/katalog\/produkt\/neutrogena-hydro-boost-aquapeeling-150-ml\/","title":{"rendered":"Neutrogena Hydro Boost Aquapeeling 150 ml"},"content":{"rendered":"<p>Das Neutrogena Hydro Boost Aquapeeling enth\u00e4lt kleine, weiche Mikroperlen, die f\u00fcr eine sanfte, aber effektive Reinigung sorgen und die Haut von Unreinheiten befreien. Gleichzeitig wird die Haut intensiv mit Feuchtigkeit versorgt, das Hautbild auf lange Sicht deutlich verfeinert und die nat\u00fcrliche Hautschutzbarriere gest\u00e4rkt. Das sanfte Peeling ist \u00f6l- und parf\u00fcmfrei und auch f\u00fcr sensible Haut bestens geeignet<\/p>\n","protected":false},"excerpt":{"rendered":"<p>Das Neutrogena Hydro Boost Aquapeeling enth\u00e4lt kleine, weiche Mikroperlen, die f\u00fcr eine sanfte, aber effektive Reinigung sorgen und die Haut von Unreinheiten befreien. Gleichzeitig wird die Haut intensiv mit Feuchtigkeit versorgt, das Hautbild auf lange Sicht deutlich verfeinert und die nat\u00fcrliche Hautschutzbarriere gest\u00e4rkt. Das sanfte Peeling ist \u00f6l- und parf\u00fcmfrei und auch f\u00fcr sensible Haut [&hellip;]<\/p>\n","protected":false},"featured_media":83003,"template":"","meta":{"_acf_changed":false},"product_brand":[745],"product_cat":[797],"product_tag":[],"class_list":{"0":"post-83001","1":"product","2":"type-product","3":"status-publish","4":"has-post-thumbnail","6":"product_brand-neutrogena","7":"product_cat-n","8":"pa_packungsgroesse-150ml","10":"first","11":"instock","12":"shipping-taxable","13":"purchasable","14":"product-type-simple"},"acf":[],"_links":{"self":[{"href":"https:\/\/www.ernstbrunn-apotheke.at\/katalog\/wp-json\/wp\/v2\/product\/83001","targetHints":{"allow":["GET"]}}],"collection":[{"href":"https:\/\/www.ernstbrunn-apotheke.at\/katalog\/wp-json\/wp\/v2\/product"}],"about":[{"href":"https:\/\/www.ernstbrunn-apotheke.at\/katalog\/wp-json\/wp\/v2\/types\/product"}],"wp:featuredmedia":[{"embeddable":true,"href":"https:\/\/www.ernstbrunn-apotheke.at\/katalog\/wp-json\/wp\/v2\/media\/83003"}],"wp:attachment":[{"href":"https:\/\/www.ernstbrunn-apotheke.at\/katalog\/wp-json\/wp\/v2\/media?parent=83001"}],"wp:term":[{"taxonomy":"product_brand","embeddable":true,"href":"https:\/\/www.ernstbrunn-apotheke.at\/katalog\/wp-json\/wp\/v2\/product_brand?post=83001"},{"taxonomy":"product_cat","embeddable":true,"href":"https:\/\/www.ernstbrunn-apotheke.at\/katalog\/wp-json\/wp\/v2\/product_cat?post=83001"},{"taxonomy":"product_tag","embeddable":true,"href":"https:\/\/www.ernstbrunn-apotheke.at\/katalog\/wp-json\/wp\/v2\/product_tag?post=83001"}],"curies":[{"name":"wp","href":"https:\/\/api.w.org\/{rel}","templated":true}]}}