{"id":8295,"date":"2025-11-07T13:39:33","date_gmt":"2025-11-07T12:39:33","guid":{"rendered":"https:\/\/www.ernstbrunn-apotheke.at\/katalog\/produkt\/vismed-10-ml-multi\/"},"modified":"2025-12-08T13:25:21","modified_gmt":"2025-12-08T12:25:21","slug":"vismed-10-ml-multi","status":"publish","type":"product","link":"https:\/\/www.ernstbrunn-apotheke.at\/katalog\/produkt\/vismed-10-ml-multi\/","title":{"rendered":"Vismed 10 ml Multi"},"content":{"rendered":"<p>Vismed k\u00f6nnen Sie zur Benetzung Ihrer Augen bei einem subjektiv empfundenen Trockenheitsgef\u00fchl, bei brennenden und m\u00fcden Augen und bei anderen unerheblichen Befindlichkeitsst\u00f6rungen ohne Krankheitswert anwenden.<\/p>\n","protected":false},"excerpt":{"rendered":"<p>Vismed k\u00f6nnen Sie zur Benetzung Ihrer Augen bei einem subjektiv empfundenen Trockenheitsgef\u00fchl, bei brennenden und m\u00fcden Augen und bei anderen unerheblichen Befindlichkeitsst\u00f6rungen ohne Krankheitswert anwenden.<\/p>\n","protected":false},"featured_media":8297,"template":"","meta":{"_acf_changed":false},"product_brand":[],"product_cat":[799],"product_tag":[],"class_list":{"0":"post-8295","1":"product","2":"type-product","3":"status-publish","4":"has-post-thumbnail","6":"product_cat-v","7":"pa_packungsgroesse-10ml","9":"first","10":"instock","11":"shipping-taxable","12":"purchasable","13":"product-type-simple"},"acf":[],"_links":{"self":[{"href":"https:\/\/www.ernstbrunn-apotheke.at\/katalog\/wp-json\/wp\/v2\/product\/8295","targetHints":{"allow":["GET"]}}],"collection":[{"href":"https:\/\/www.ernstbrunn-apotheke.at\/katalog\/wp-json\/wp\/v2\/product"}],"about":[{"href":"https:\/\/www.ernstbrunn-apotheke.at\/katalog\/wp-json\/wp\/v2\/types\/product"}],"wp:featuredmedia":[{"embeddable":true,"href":"https:\/\/www.ernstbrunn-apotheke.at\/katalog\/wp-json\/wp\/v2\/media\/8297"}],"wp:attachment":[{"href":"https:\/\/www.ernstbrunn-apotheke.at\/katalog\/wp-json\/wp\/v2\/media?parent=8295"}],"wp:term":[{"taxonomy":"product_brand","embeddable":true,"href":"https:\/\/www.ernstbrunn-apotheke.at\/katalog\/wp-json\/wp\/v2\/product_brand?post=8295"},{"taxonomy":"product_cat","embeddable":true,"href":"https:\/\/www.ernstbrunn-apotheke.at\/katalog\/wp-json\/wp\/v2\/product_cat?post=8295"},{"taxonomy":"product_tag","embeddable":true,"href":"https:\/\/www.ernstbrunn-apotheke.at\/katalog\/wp-json\/wp\/v2\/product_tag?post=8295"}],"curies":[{"name":"wp","href":"https:\/\/api.w.org\/{rel}","templated":true}]}}