{"id":82932,"date":"2025-11-11T23:45:30","date_gmt":"2025-11-11T22:45:30","guid":{"rendered":"https:\/\/www.ernstbrunn-apotheke.at\/katalog\/produkt\/darphin-intral-environmental-lightweight-shield-spf-50-30-ml\/"},"modified":"2025-12-08T19:29:55","modified_gmt":"2025-12-08T18:29:55","slug":"darphin-intral-environmental-lightweight-shield-spf-50-30-ml","status":"publish","type":"product","link":"https:\/\/www.ernstbrunn-apotheke.at\/katalog\/produkt\/darphin-intral-environmental-lightweight-shield-spf-50-30-ml\/","title":{"rendered":"Darphin Intral Environmental Lightweight Shield SPF 50 30 ml"},"content":{"rendered":"<p>Der Sonnenschutz Intral Environmental Lightweight Shield LSF50 von Darphin ist ein absolutes Allroundtalent: Mit seinen 100 % mineralischen Filtern sch\u00fctzt er vor UVA- und UVB-Filtern, w\u00e4hrend ein spezielles Weizenprotein vor Umweltaggressoren sch\u00fctzt. Gleichzeitig ist die leicht get\u00f6nte Formel eine perfekte Make-up-Basis. Ihre Haut wird nicht nur optimal gesch\u00fctzt, sondern sieht zudem zart und nat\u00fcrlich frisch aus.<\/p>\n","protected":false},"excerpt":{"rendered":"<p>Der Sonnenschutz Intral Environmental Lightweight Shield LSF50 von Darphin ist ein absolutes Allroundtalent: Mit seinen 100 % mineralischen Filtern sch\u00fctzt er vor UVA- und UVB-Filtern, w\u00e4hrend ein spezielles Weizenprotein vor Umweltaggressoren sch\u00fctzt. Gleichzeitig ist die leicht get\u00f6nte Formel eine perfekte Make-up-Basis. Ihre Haut wird nicht nur optimal gesch\u00fctzt, sondern sieht zudem zart und nat\u00fcrlich frisch [&hellip;]<\/p>\n","protected":false},"featured_media":82934,"template":"","meta":{"_acf_changed":false},"product_brand":[],"product_cat":[792],"product_tag":[],"class_list":{"0":"post-82932","1":"product","2":"type-product","3":"status-publish","4":"has-post-thumbnail","6":"product_cat-d","7":"pa_packungsgroesse-30ml","9":"first","10":"instock","11":"shipping-taxable","12":"purchasable","13":"product-type-simple"},"acf":[],"_links":{"self":[{"href":"https:\/\/www.ernstbrunn-apotheke.at\/katalog\/wp-json\/wp\/v2\/product\/82932","targetHints":{"allow":["GET"]}}],"collection":[{"href":"https:\/\/www.ernstbrunn-apotheke.at\/katalog\/wp-json\/wp\/v2\/product"}],"about":[{"href":"https:\/\/www.ernstbrunn-apotheke.at\/katalog\/wp-json\/wp\/v2\/types\/product"}],"wp:featuredmedia":[{"embeddable":true,"href":"https:\/\/www.ernstbrunn-apotheke.at\/katalog\/wp-json\/wp\/v2\/media\/82934"}],"wp:attachment":[{"href":"https:\/\/www.ernstbrunn-apotheke.at\/katalog\/wp-json\/wp\/v2\/media?parent=82932"}],"wp:term":[{"taxonomy":"product_brand","embeddable":true,"href":"https:\/\/www.ernstbrunn-apotheke.at\/katalog\/wp-json\/wp\/v2\/product_brand?post=82932"},{"taxonomy":"product_cat","embeddable":true,"href":"https:\/\/www.ernstbrunn-apotheke.at\/katalog\/wp-json\/wp\/v2\/product_cat?post=82932"},{"taxonomy":"product_tag","embeddable":true,"href":"https:\/\/www.ernstbrunn-apotheke.at\/katalog\/wp-json\/wp\/v2\/product_tag?post=82932"}],"curies":[{"name":"wp","href":"https:\/\/api.w.org\/{rel}","templated":true}]}}