{"id":82917,"date":"2025-11-11T23:45:03","date_gmt":"2025-11-11T22:45:03","guid":{"rendered":"https:\/\/www.ernstbrunn-apotheke.at\/katalog\/produkt\/sterillium-haende-desinfektionsmittel\/"},"modified":"2025-12-08T19:29:44","modified_gmt":"2025-12-08T18:29:44","slug":"sterillium-haende-desinfektionsmittel","status":"publish","type":"product","link":"https:\/\/www.ernstbrunn-apotheke.at\/katalog\/produkt\/sterillium-haende-desinfektionsmittel\/","title":{"rendered":"Sterillium H\u00e4nde-Desinfektionsmittel"},"content":{"rendered":"<p>BODE Sterillium L\u00f6sung versichert eine hygienische und chirurgische H\u00e4ndedesinfektion. Es wirkt als Hautdesinfektion vor Injektionen und Punktionen jeglicher Art.<\/p>\n","protected":false},"excerpt":{"rendered":"<p>BODE Sterillium L\u00f6sung versichert eine hygienische und chirurgische H\u00e4ndedesinfektion. Es wirkt als Hautdesinfektion vor Injektionen und Punktionen jeglicher Art.<\/p>\n","protected":false},"featured_media":82919,"template":"","meta":{"_acf_changed":false},"product_brand":[],"product_cat":[791],"product_tag":[],"class_list":{"0":"post-82917","1":"product","2":"type-product","3":"status-publish","4":"has-post-thumbnail","6":"product_cat-s","7":"pa_packungsgroesse-5l","9":"first","10":"instock","11":"shipping-taxable","12":"purchasable","13":"product-type-simple"},"acf":[],"_links":{"self":[{"href":"https:\/\/www.ernstbrunn-apotheke.at\/katalog\/wp-json\/wp\/v2\/product\/82917","targetHints":{"allow":["GET"]}}],"collection":[{"href":"https:\/\/www.ernstbrunn-apotheke.at\/katalog\/wp-json\/wp\/v2\/product"}],"about":[{"href":"https:\/\/www.ernstbrunn-apotheke.at\/katalog\/wp-json\/wp\/v2\/types\/product"}],"wp:featuredmedia":[{"embeddable":true,"href":"https:\/\/www.ernstbrunn-apotheke.at\/katalog\/wp-json\/wp\/v2\/media\/82919"}],"wp:attachment":[{"href":"https:\/\/www.ernstbrunn-apotheke.at\/katalog\/wp-json\/wp\/v2\/media?parent=82917"}],"wp:term":[{"taxonomy":"product_brand","embeddable":true,"href":"https:\/\/www.ernstbrunn-apotheke.at\/katalog\/wp-json\/wp\/v2\/product_brand?post=82917"},{"taxonomy":"product_cat","embeddable":true,"href":"https:\/\/www.ernstbrunn-apotheke.at\/katalog\/wp-json\/wp\/v2\/product_cat?post=82917"},{"taxonomy":"product_tag","embeddable":true,"href":"https:\/\/www.ernstbrunn-apotheke.at\/katalog\/wp-json\/wp\/v2\/product_tag?post=82917"}],"curies":[{"name":"wp","href":"https:\/\/api.w.org\/{rel}","templated":true}]}}