{"id":82882,"date":"2025-11-11T23:44:09","date_gmt":"2025-11-11T22:44:09","guid":{"rendered":"https:\/\/www.ernstbrunn-apotheke.at\/katalog\/produkt\/n-acetyl-l-cyst-junek-500-90-stk\/"},"modified":"2025-12-08T19:29:32","modified_gmt":"2025-12-08T18:29:32","slug":"n-acetyl-l-cyst-junek-500-90-stk","status":"publish","type":"product","link":"https:\/\/www.ernstbrunn-apotheke.at\/katalog\/produkt\/n-acetyl-l-cyst-junek-500-90-stk\/","title":{"rendered":"N-Acetyl-L-Cyst Junek 500 90 Stk."},"content":{"rendered":"<p>N-Acetyl-L-Cystein Kapseln enthalten 500 mg N-Acetyl-L-Cystein in einer Hartgelatinekapsel. Acetylcystein ist eine gute Quelle, um dem Organismus L-Cystein zuzuf\u00fchren. Diese Aminos\u00e4ure gilt als Ausgangssubstanz f\u00fcr das starke Antioxidans L-Glutathion. Weiters verf\u00fcgt es selbst \u00fcber antioxidative sowie immunologische Eigenschaften.<\/p>\n","protected":false},"excerpt":{"rendered":"<p>N-Acetyl-L-Cystein Kapseln enthalten 500 mg N-Acetyl-L-Cystein in einer Hartgelatinekapsel. Acetylcystein ist eine gute Quelle, um dem Organismus L-Cystein zuzuf\u00fchren. Diese Aminos\u00e4ure gilt als Ausgangssubstanz f\u00fcr das starke Antioxidans L-Glutathion. Weiters verf\u00fcgt es selbst \u00fcber antioxidative sowie immunologische Eigenschaften.<\/p>\n","protected":false},"featured_media":82884,"template":"","meta":{"_acf_changed":false},"product_brand":[],"product_cat":[797],"product_tag":[],"class_list":{"0":"post-82882","1":"product","2":"type-product","3":"status-publish","4":"has-post-thumbnail","6":"product_cat-n","7":"pa_packungsgroesse-90-stueck","9":"first","10":"instock","11":"shipping-taxable","12":"purchasable","13":"product-type-simple"},"acf":[],"_links":{"self":[{"href":"https:\/\/www.ernstbrunn-apotheke.at\/katalog\/wp-json\/wp\/v2\/product\/82882","targetHints":{"allow":["GET"]}}],"collection":[{"href":"https:\/\/www.ernstbrunn-apotheke.at\/katalog\/wp-json\/wp\/v2\/product"}],"about":[{"href":"https:\/\/www.ernstbrunn-apotheke.at\/katalog\/wp-json\/wp\/v2\/types\/product"}],"wp:featuredmedia":[{"embeddable":true,"href":"https:\/\/www.ernstbrunn-apotheke.at\/katalog\/wp-json\/wp\/v2\/media\/82884"}],"wp:attachment":[{"href":"https:\/\/www.ernstbrunn-apotheke.at\/katalog\/wp-json\/wp\/v2\/media?parent=82882"}],"wp:term":[{"taxonomy":"product_brand","embeddable":true,"href":"https:\/\/www.ernstbrunn-apotheke.at\/katalog\/wp-json\/wp\/v2\/product_brand?post=82882"},{"taxonomy":"product_cat","embeddable":true,"href":"https:\/\/www.ernstbrunn-apotheke.at\/katalog\/wp-json\/wp\/v2\/product_cat?post=82882"},{"taxonomy":"product_tag","embeddable":true,"href":"https:\/\/www.ernstbrunn-apotheke.at\/katalog\/wp-json\/wp\/v2\/product_tag?post=82882"}],"curies":[{"name":"wp","href":"https:\/\/api.w.org\/{rel}","templated":true}]}}