{"id":82831,"date":"2025-11-11T23:43:36","date_gmt":"2025-11-11T22:43:36","guid":{"rendered":"https:\/\/www.ernstbrunn-apotheke.at\/katalog\/produkt\/phyto-phytomillesime-farbschutz-pre-shampoo-100-ml\/"},"modified":"2025-12-08T19:29:10","modified_gmt":"2025-12-08T18:29:10","slug":"phyto-phytomillesime-farbschutz-pre-shampoo-100-ml","status":"publish","type":"product","link":"https:\/\/www.ernstbrunn-apotheke.at\/katalog\/produkt\/phyto-phytomillesime-farbschutz-pre-shampoo-100-ml\/","title":{"rendered":"Phyto Phytomillesime Farbschutz Pre-Shampoo 100 ml"},"content":{"rendered":"<p>Diese Color-Locker-Behandlung wirkt vor dem eigentlichen Shampoo, um die Pigmente im Herzen der Faser zu fixieren. Dieser Color-Locker-Komplex bildet eine Schutzbarriere, die Pigmente einf\u00e4ngt und verhindert, dass sie ins Waschwasser gelangen. Ihr Haar wird mit jedem Shampoo perfekt gesch\u00fctzt, Ihre Farbe bleibt erhalten und h\u00e4lt l\u00e4nger.<\/p>\n","protected":false},"excerpt":{"rendered":"<p>Diese Color-Locker-Behandlung wirkt vor dem eigentlichen Shampoo, um die Pigmente im Herzen der Faser zu fixieren. Dieser Color-Locker-Komplex bildet eine Schutzbarriere, die Pigmente einf\u00e4ngt und verhindert, dass sie ins Waschwasser gelangen. Ihr Haar wird mit jedem Shampoo perfekt gesch\u00fctzt, Ihre Farbe bleibt erhalten und h\u00e4lt l\u00e4nger.<\/p>\n","protected":false},"featured_media":82833,"template":"","meta":{"_acf_changed":false},"product_brand":[],"product_cat":[793],"product_tag":[],"class_list":{"0":"post-82831","1":"product","2":"type-product","3":"status-publish","4":"has-post-thumbnail","6":"product_cat-p","7":"pa_packungsgroesse-100ml","9":"first","10":"instock","11":"shipping-taxable","12":"purchasable","13":"product-type-simple"},"acf":[],"_links":{"self":[{"href":"https:\/\/www.ernstbrunn-apotheke.at\/katalog\/wp-json\/wp\/v2\/product\/82831","targetHints":{"allow":["GET"]}}],"collection":[{"href":"https:\/\/www.ernstbrunn-apotheke.at\/katalog\/wp-json\/wp\/v2\/product"}],"about":[{"href":"https:\/\/www.ernstbrunn-apotheke.at\/katalog\/wp-json\/wp\/v2\/types\/product"}],"wp:featuredmedia":[{"embeddable":true,"href":"https:\/\/www.ernstbrunn-apotheke.at\/katalog\/wp-json\/wp\/v2\/media\/82833"}],"wp:attachment":[{"href":"https:\/\/www.ernstbrunn-apotheke.at\/katalog\/wp-json\/wp\/v2\/media?parent=82831"}],"wp:term":[{"taxonomy":"product_brand","embeddable":true,"href":"https:\/\/www.ernstbrunn-apotheke.at\/katalog\/wp-json\/wp\/v2\/product_brand?post=82831"},{"taxonomy":"product_cat","embeddable":true,"href":"https:\/\/www.ernstbrunn-apotheke.at\/katalog\/wp-json\/wp\/v2\/product_cat?post=82831"},{"taxonomy":"product_tag","embeddable":true,"href":"https:\/\/www.ernstbrunn-apotheke.at\/katalog\/wp-json\/wp\/v2\/product_tag?post=82831"}],"curies":[{"name":"wp","href":"https:\/\/api.w.org\/{rel}","templated":true}]}}