{"id":82778,"date":"2025-11-11T23:42:16","date_gmt":"2025-11-11T22:42:16","guid":{"rendered":"https:\/\/www.ernstbrunn-apotheke.at\/katalog\/produkt\/allgaeuer-latschenkiefer-beinbalsam-nacht\/"},"modified":"2025-12-08T19:28:48","modified_gmt":"2025-12-08T18:28:48","slug":"allgaeuer-latschenkiefer-beinbalsam-nacht","status":"publish","type":"product","link":"https:\/\/www.ernstbrunn-apotheke.at\/katalog\/produkt\/allgaeuer-latschenkiefer-beinbalsam-nacht\/","title":{"rendered":"Allg\u00e4uer Latschenkiefer Beinbalsam Nacht"},"content":{"rendered":"<p>Allg\u00e4uer Latschenkiefer Beinbalsam Nacht enth\u00e4lt nat\u00fcrliches Latschenkiefern\u00f6l, Jojoba- und Mandel\u00f6l, sowie wertvolle Pflanzenextrakte aus Rosskastanie und Algen. Die nat\u00fcrlichen Inhaltsstoff e werden \u00fcber viele Stunden an die Beine abgegeben und tragen zur erholsamen Pflege m\u00fcder, schwerer Beine bei. Allg\u00e4uer Latschenkiefer Bein Balsam ist besonders geeignet f\u00fcr die intensive Pflege \u00fcber Nacht oder zu anderen Ruhezeiten \u2013 jetzt online vorbestellen!<\/p>\n","protected":false},"excerpt":{"rendered":"<p>Allg\u00e4uer Latschenkiefer Beinbalsam Nacht enth\u00e4lt nat\u00fcrliches Latschenkiefern\u00f6l, Jojoba- und Mandel\u00f6l, sowie wertvolle Pflanzenextrakte aus Rosskastanie und Algen. Die nat\u00fcrlichen Inhaltsstoff e werden \u00fcber viele Stunden an die Beine abgegeben und tragen zur erholsamen Pflege m\u00fcder, schwerer Beine bei. Allg\u00e4uer Latschenkiefer Bein Balsam ist besonders geeignet f\u00fcr die intensive Pflege \u00fcber Nacht oder zu anderen Ruhezeiten [&hellip;]<\/p>\n","protected":false},"featured_media":82780,"template":"","meta":{"_acf_changed":false},"product_brand":[744],"product_cat":[801],"product_tag":[],"class_list":{"0":"post-82778","1":"product","2":"type-product","3":"status-publish","4":"has-post-thumbnail","6":"product_brand-allgaeuer-latschenkiefer","7":"product_cat-a","8":"pa_packungsgroesse-200ml","10":"first","11":"instock","12":"shipping-taxable","13":"purchasable","14":"product-type-simple"},"acf":[],"_links":{"self":[{"href":"https:\/\/www.ernstbrunn-apotheke.at\/katalog\/wp-json\/wp\/v2\/product\/82778","targetHints":{"allow":["GET"]}}],"collection":[{"href":"https:\/\/www.ernstbrunn-apotheke.at\/katalog\/wp-json\/wp\/v2\/product"}],"about":[{"href":"https:\/\/www.ernstbrunn-apotheke.at\/katalog\/wp-json\/wp\/v2\/types\/product"}],"wp:featuredmedia":[{"embeddable":true,"href":"https:\/\/www.ernstbrunn-apotheke.at\/katalog\/wp-json\/wp\/v2\/media\/82780"}],"wp:attachment":[{"href":"https:\/\/www.ernstbrunn-apotheke.at\/katalog\/wp-json\/wp\/v2\/media?parent=82778"}],"wp:term":[{"taxonomy":"product_brand","embeddable":true,"href":"https:\/\/www.ernstbrunn-apotheke.at\/katalog\/wp-json\/wp\/v2\/product_brand?post=82778"},{"taxonomy":"product_cat","embeddable":true,"href":"https:\/\/www.ernstbrunn-apotheke.at\/katalog\/wp-json\/wp\/v2\/product_cat?post=82778"},{"taxonomy":"product_tag","embeddable":true,"href":"https:\/\/www.ernstbrunn-apotheke.at\/katalog\/wp-json\/wp\/v2\/product_tag?post=82778"}],"curies":[{"name":"wp","href":"https:\/\/api.w.org\/{rel}","templated":true}]}}