{"id":82770,"date":"2025-11-11T23:42:16","date_gmt":"2025-11-11T22:42:16","guid":{"rendered":"https:\/\/www.ernstbrunn-apotheke.at\/katalog\/produkt\/haar-fit-kapseln\/"},"modified":"2025-12-08T19:28:43","modified_gmt":"2025-12-08T18:28:43","slug":"haar-fit-kapseln","status":"publish","type":"product","link":"https:\/\/www.ernstbrunn-apotheke.at\/katalog\/produkt\/haar-fit-kapseln\/","title":{"rendered":"Haar &#8211; Fit Kapseln"},"content":{"rendered":"<p>Haar-Fit GPH Kapseln sind ein Nahrungserg\u00e4nzungsmittel f\u00fcr Oral Hair Care mit wertvollen N\u00e4hrstoffen, welche gesunde, kr\u00e4ftige Haare und ein normales Haarwachstum von innen her unterst\u00fctzen. Laut Healthclaims VO tragen Zink, Selen, Biotin zur Erhaltung normaler Haare und Kupfer zu einer normalen Pigmentierung des Haares bei.<\/p>\n","protected":false},"excerpt":{"rendered":"<p>Haar-Fit GPH Kapseln sind ein Nahrungserg\u00e4nzungsmittel f\u00fcr Oral Hair Care mit wertvollen N\u00e4hrstoffen, welche gesunde, kr\u00e4ftige Haare und ein normales Haarwachstum von innen her unterst\u00fctzen. Laut Healthclaims VO tragen Zink, Selen, Biotin zur Erhaltung normaler Haare und Kupfer zu einer normalen Pigmentierung des Haares bei.<\/p>\n","protected":false},"featured_media":82772,"template":"","meta":{"_acf_changed":false},"product_brand":[371],"product_cat":[805],"product_tag":[],"class_list":{"0":"post-82770","1":"product","2":"type-product","3":"status-publish","4":"has-post-thumbnail","6":"product_brand-gall-pharma","7":"product_cat-h","8":"pa_packungsgroesse-90-stueck","10":"first","11":"instock","12":"shipping-taxable","13":"purchasable","14":"product-type-simple"},"acf":[],"_links":{"self":[{"href":"https:\/\/www.ernstbrunn-apotheke.at\/katalog\/wp-json\/wp\/v2\/product\/82770","targetHints":{"allow":["GET"]}}],"collection":[{"href":"https:\/\/www.ernstbrunn-apotheke.at\/katalog\/wp-json\/wp\/v2\/product"}],"about":[{"href":"https:\/\/www.ernstbrunn-apotheke.at\/katalog\/wp-json\/wp\/v2\/types\/product"}],"wp:featuredmedia":[{"embeddable":true,"href":"https:\/\/www.ernstbrunn-apotheke.at\/katalog\/wp-json\/wp\/v2\/media\/82772"}],"wp:attachment":[{"href":"https:\/\/www.ernstbrunn-apotheke.at\/katalog\/wp-json\/wp\/v2\/media?parent=82770"}],"wp:term":[{"taxonomy":"product_brand","embeddable":true,"href":"https:\/\/www.ernstbrunn-apotheke.at\/katalog\/wp-json\/wp\/v2\/product_brand?post=82770"},{"taxonomy":"product_cat","embeddable":true,"href":"https:\/\/www.ernstbrunn-apotheke.at\/katalog\/wp-json\/wp\/v2\/product_cat?post=82770"},{"taxonomy":"product_tag","embeddable":true,"href":"https:\/\/www.ernstbrunn-apotheke.at\/katalog\/wp-json\/wp\/v2\/product_tag?post=82770"}],"curies":[{"name":"wp","href":"https:\/\/api.w.org\/{rel}","templated":true}]}}