{"id":82756,"date":"2025-11-11T23:42:16","date_gmt":"2025-11-11T22:42:16","guid":{"rendered":"https:\/\/www.ernstbrunn-apotheke.at\/katalog\/produkt\/dr-boehm-magnesium-complex-brausegranulat-28-stk\/"},"modified":"2025-12-08T19:28:39","modified_gmt":"2025-12-08T18:28:39","slug":"dr-boehm-magnesium-complex-brausegranulat-28-stk","status":"publish","type":"product","link":"https:\/\/www.ernstbrunn-apotheke.at\/katalog\/produkt\/dr-boehm-magnesium-complex-brausegranulat-28-stk\/","title":{"rendered":"Dr. B\u00f6hm Magnesium complex Brausegranulat 28 Stk."},"content":{"rendered":"<p>Dr. B\u00f6hm Magnesium complex Brausegranulat 28 Stk. mit Magnesium, Kalium plus Traubenkern-Extrakt (OPC) und L-Carnitin. Magnesium und Kalium unterst\u00fctzen eine normale Muskelfunktion (regulieren das Zusammenziehen und Entspannen der Muskel), wie auch in der Wade. Dr. B\u00f6hm Magnesium complex garantiert eine rasche Aufnahme dank wohlschmeckender Brauseform und ist besonders geeignet f\u00fcr \u00e4ltere Personen und Sportler.<\/p>\n","protected":false},"excerpt":{"rendered":"<p>Dr. B\u00f6hm Magnesium complex Brausegranulat 28 Stk. mit Magnesium, Kalium plus Traubenkern-Extrakt (OPC) und L-Carnitin. Magnesium und Kalium unterst\u00fctzen eine normale Muskelfunktion (regulieren das Zusammenziehen und Entspannen der Muskel), wie auch in der Wade. Dr. B\u00f6hm Magnesium complex garantiert eine rasche Aufnahme dank wohlschmeckender Brauseform und ist besonders geeignet f\u00fcr \u00e4ltere Personen und Sportler.<\/p>\n","protected":false},"featured_media":82758,"template":"","meta":{"_acf_changed":false},"product_brand":[365],"product_cat":[792],"product_tag":[],"class_list":{"0":"post-82756","1":"product","2":"type-product","3":"status-publish","4":"has-post-thumbnail","6":"product_brand-dr-boehm","7":"product_cat-d","8":"pa_packungsgroesse-28-stueck","10":"first","11":"instock","12":"shipping-taxable","13":"purchasable","14":"product-type-simple"},"acf":[],"_links":{"self":[{"href":"https:\/\/www.ernstbrunn-apotheke.at\/katalog\/wp-json\/wp\/v2\/product\/82756","targetHints":{"allow":["GET"]}}],"collection":[{"href":"https:\/\/www.ernstbrunn-apotheke.at\/katalog\/wp-json\/wp\/v2\/product"}],"about":[{"href":"https:\/\/www.ernstbrunn-apotheke.at\/katalog\/wp-json\/wp\/v2\/types\/product"}],"wp:featuredmedia":[{"embeddable":true,"href":"https:\/\/www.ernstbrunn-apotheke.at\/katalog\/wp-json\/wp\/v2\/media\/82758"}],"wp:attachment":[{"href":"https:\/\/www.ernstbrunn-apotheke.at\/katalog\/wp-json\/wp\/v2\/media?parent=82756"}],"wp:term":[{"taxonomy":"product_brand","embeddable":true,"href":"https:\/\/www.ernstbrunn-apotheke.at\/katalog\/wp-json\/wp\/v2\/product_brand?post=82756"},{"taxonomy":"product_cat","embeddable":true,"href":"https:\/\/www.ernstbrunn-apotheke.at\/katalog\/wp-json\/wp\/v2\/product_cat?post=82756"},{"taxonomy":"product_tag","embeddable":true,"href":"https:\/\/www.ernstbrunn-apotheke.at\/katalog\/wp-json\/wp\/v2\/product_tag?post=82756"}],"curies":[{"name":"wp","href":"https:\/\/api.w.org\/{rel}","templated":true}]}}