{"id":82754,"date":"2025-11-11T23:42:16","date_gmt":"2025-11-11T22:42:16","guid":{"rendered":"https:\/\/www.ernstbrunn-apotheke.at\/katalog\/produkt\/holle-bio-gemueseglaeschen-kartoffeln-kuerbis-zucchini-190-g\/"},"modified":"2025-12-08T19:28:37","modified_gmt":"2025-12-08T18:28:37","slug":"holle-bio-gemueseglaeschen-kartoffeln-kuerbis-zucchini-190-g","status":"publish","type":"product","link":"https:\/\/www.ernstbrunn-apotheke.at\/katalog\/produkt\/holle-bio-gemueseglaeschen-kartoffeln-kuerbis-zucchini-190-g\/","title":{"rendered":"Holle BIO Gem\u00fcsegl\u00e4schen Kartoffeln, K\u00fcrbis &#038; Zucchini 190 g"},"content":{"rendered":"<p>Holle BIO Gem\u00fcsegl\u00e4schen Kartoffeln, K\u00fcrbis &#038; Zucchini ist ideal f\u00fcr den Beikost-Start nach dem 4. Lebensmonat. Alle Holle Babygl\u00e4schen werden ohne Zucker- und Salzzusatz, Bindemittel, Hefe, Ei, Milch und Milchbestandteilen hergestellt.<\/p>\n","protected":false},"excerpt":{"rendered":"<p>Holle BIO Gem\u00fcsegl\u00e4schen Kartoffeln, K\u00fcrbis &#038; Zucchini ist ideal f\u00fcr den Beikost-Start nach dem 4. Lebensmonat. Alle Holle Babygl\u00e4schen werden ohne Zucker- und Salzzusatz, Bindemittel, Hefe, Ei, Milch und Milchbestandteilen hergestellt.<\/p>\n","protected":false},"featured_media":0,"template":"","meta":{"_acf_changed":false},"product_brand":[],"product_cat":[805],"product_tag":[],"class_list":{"0":"post-82754","1":"product","2":"type-product","3":"status-publish","5":"product_cat-h","6":"pa_packungsgroesse-190g","8":"first","9":"instock","10":"shipping-taxable","11":"purchasable","12":"product-type-simple"},"acf":[],"_links":{"self":[{"href":"https:\/\/www.ernstbrunn-apotheke.at\/katalog\/wp-json\/wp\/v2\/product\/82754","targetHints":{"allow":["GET"]}}],"collection":[{"href":"https:\/\/www.ernstbrunn-apotheke.at\/katalog\/wp-json\/wp\/v2\/product"}],"about":[{"href":"https:\/\/www.ernstbrunn-apotheke.at\/katalog\/wp-json\/wp\/v2\/types\/product"}],"wp:attachment":[{"href":"https:\/\/www.ernstbrunn-apotheke.at\/katalog\/wp-json\/wp\/v2\/media?parent=82754"}],"wp:term":[{"taxonomy":"product_brand","embeddable":true,"href":"https:\/\/www.ernstbrunn-apotheke.at\/katalog\/wp-json\/wp\/v2\/product_brand?post=82754"},{"taxonomy":"product_cat","embeddable":true,"href":"https:\/\/www.ernstbrunn-apotheke.at\/katalog\/wp-json\/wp\/v2\/product_cat?post=82754"},{"taxonomy":"product_tag","embeddable":true,"href":"https:\/\/www.ernstbrunn-apotheke.at\/katalog\/wp-json\/wp\/v2\/product_tag?post=82754"}],"curies":[{"name":"wp","href":"https:\/\/api.w.org\/{rel}","templated":true}]}}