{"id":8275,"date":"2025-11-07T13:39:33","date_gmt":"2025-11-07T12:39:33","guid":{"rendered":"https:\/\/www.ernstbrunn-apotheke.at\/katalog\/produkt\/blephagel-augengel-steril-30-g\/"},"modified":"2025-12-08T13:25:15","modified_gmt":"2025-12-08T12:25:15","slug":"blephagel-augengel-steril-30-g","status":"publish","type":"product","link":"https:\/\/www.ernstbrunn-apotheke.at\/katalog\/produkt\/blephagel-augengel-steril-30-g\/","title":{"rendered":"Blephagel Augengel steril 30 g"},"content":{"rendered":"<p>Zur Verbesserung der Vertr\u00e4glichkeit und sanften Behandlung der Haut hat Th\u00e9a f\u00fcr Blephagel eine spezielle Technologie entwickelt, um ein steriles Gel ohne Konservierungsmittel in einer Tube f\u00fcr die mehrmalige Anwendung anzubieten. Die Steri-Free Technology ist eine Kombination von zwei Prozessen:Der Herstellungsprozess in steriler Atmosph\u00e4re erm\u00f6glicht die Produktion eines sterilen Produktes ohne Konservierungsmittel.In einer luftleeren Tube wird das Produkt ohne Konservierungsmittel steril gehalten. Der patentierte Verschluss stellt sicher, dass das Gel abgegeben werden kann, aber keine Bakterien in die Tube eindringen k\u00f6nnen.BLEPHAGEL\u00ae von Th\u00e9a wurde mit Haut\u00e4rzten entwickelt und von Augen\u00e4rzten getestet. BLEPHAGEL\u00ae wird nach strengsten Qualit\u00e4tskriterien hergestellt. Dieses speziell f\u00fcr die t\u00e4gliche Reinigung der Augenlider entwickelte Produkt l\u00f6st und entfernt sanft Sekrete, Verkrustungen und Make-up. Nach der Anwendung ist kein Absp\u00fclen erforderlich..<\/p>\n","protected":false},"excerpt":{"rendered":"<p>Zur Verbesserung der Vertr\u00e4glichkeit und sanften Behandlung der Haut hat Th\u00e9a f\u00fcr Blephagel eine spezielle Technologie entwickelt, um ein steriles Gel ohne Konservierungsmittel in einer Tube f\u00fcr die mehrmalige Anwendung anzubieten. Die Steri-Free Technology ist eine Kombination von zwei Prozessen:Der Herstellungsprozess in steriler Atmosph\u00e4re erm\u00f6glicht die Produktion eines sterilen Produktes ohne Konservierungsmittel.In einer luftleeren Tube [&hellip;]<\/p>\n","protected":false},"featured_media":8277,"template":"","meta":{"_acf_changed":false},"product_brand":[],"product_cat":[802],"product_tag":[],"class_list":{"0":"post-8275","1":"product","2":"type-product","3":"status-publish","4":"has-post-thumbnail","6":"product_cat-b","7":"pa_packungsgroesse-30g","9":"first","10":"instock","11":"shipping-taxable","12":"purchasable","13":"product-type-simple"},"acf":[],"_links":{"self":[{"href":"https:\/\/www.ernstbrunn-apotheke.at\/katalog\/wp-json\/wp\/v2\/product\/8275","targetHints":{"allow":["GET"]}}],"collection":[{"href":"https:\/\/www.ernstbrunn-apotheke.at\/katalog\/wp-json\/wp\/v2\/product"}],"about":[{"href":"https:\/\/www.ernstbrunn-apotheke.at\/katalog\/wp-json\/wp\/v2\/types\/product"}],"wp:featuredmedia":[{"embeddable":true,"href":"https:\/\/www.ernstbrunn-apotheke.at\/katalog\/wp-json\/wp\/v2\/media\/8277"}],"wp:attachment":[{"href":"https:\/\/www.ernstbrunn-apotheke.at\/katalog\/wp-json\/wp\/v2\/media?parent=8275"}],"wp:term":[{"taxonomy":"product_brand","embeddable":true,"href":"https:\/\/www.ernstbrunn-apotheke.at\/katalog\/wp-json\/wp\/v2\/product_brand?post=8275"},{"taxonomy":"product_cat","embeddable":true,"href":"https:\/\/www.ernstbrunn-apotheke.at\/katalog\/wp-json\/wp\/v2\/product_cat?post=8275"},{"taxonomy":"product_tag","embeddable":true,"href":"https:\/\/www.ernstbrunn-apotheke.at\/katalog\/wp-json\/wp\/v2\/product_tag?post=8275"}],"curies":[{"name":"wp","href":"https:\/\/api.w.org\/{rel}","templated":true}]}}