{"id":82733,"date":"2025-11-11T23:41:35","date_gmt":"2025-11-11T22:41:35","guid":{"rendered":"https:\/\/www.ernstbrunn-apotheke.at\/katalog\/produkt\/sebamed-seifenfreies-waschstueck-olive-150-g\/"},"modified":"2025-12-08T19:28:28","modified_gmt":"2025-12-08T18:28:28","slug":"sebamed-seifenfreies-waschstueck-olive-150-g","status":"publish","type":"product","link":"https:\/\/www.ernstbrunn-apotheke.at\/katalog\/produkt\/sebamed-seifenfreies-waschstueck-olive-150-g\/","title":{"rendered":"Sebamed Seifenfreies Waschst\u00fcck Olive 150 g"},"content":{"rendered":"<p>Mit einem Pflegekomplex auf Basis von Oliven\u00f6l, Seidenprotein und Phytosterolen sorgt das sebamed Seifenfreie Waschst\u00fcck Olive f\u00fcr Sauberkeit, Frische und sp\u00fcrbar entspannte, geschmeidige Haut. Die Pflegeformel mit Aloe vera tr\u00e4gt zur Feuchtigkeitsbalance und Hautberuhigung bei. Besonders geeignet zur Reinigung ohne Reizung und Austrocknung bei sensitiver und anspruchsvoller Haut. Der pH-Wert 5,5 f\u00f6rdert die hauteigenen Schutzfunktionen gegen sch\u00e4digende \u00e4u\u00dfere Einfl\u00fcsse..<\/p>\n","protected":false},"excerpt":{"rendered":"<p>Mit einem Pflegekomplex auf Basis von Oliven\u00f6l, Seidenprotein und Phytosterolen sorgt das sebamed Seifenfreie Waschst\u00fcck Olive f\u00fcr Sauberkeit, Frische und sp\u00fcrbar entspannte, geschmeidige Haut. Die Pflegeformel mit Aloe vera tr\u00e4gt zur Feuchtigkeitsbalance und Hautberuhigung bei. Besonders geeignet zur Reinigung ohne Reizung und Austrocknung bei sensitiver und anspruchsvoller Haut. Der pH-Wert 5,5 f\u00f6rdert die hauteigenen Schutzfunktionen [&hellip;]<\/p>\n","protected":false},"featured_media":82735,"template":"","meta":{"_acf_changed":false},"product_brand":[737],"product_cat":[791],"product_tag":[],"class_list":{"0":"post-82733","1":"product","2":"type-product","3":"status-publish","4":"has-post-thumbnail","6":"product_brand-sebamed","7":"product_cat-s","8":"pa_packungsgroesse-150g","10":"first","11":"instock","12":"shipping-taxable","13":"purchasable","14":"product-type-simple"},"acf":[],"_links":{"self":[{"href":"https:\/\/www.ernstbrunn-apotheke.at\/katalog\/wp-json\/wp\/v2\/product\/82733","targetHints":{"allow":["GET"]}}],"collection":[{"href":"https:\/\/www.ernstbrunn-apotheke.at\/katalog\/wp-json\/wp\/v2\/product"}],"about":[{"href":"https:\/\/www.ernstbrunn-apotheke.at\/katalog\/wp-json\/wp\/v2\/types\/product"}],"wp:featuredmedia":[{"embeddable":true,"href":"https:\/\/www.ernstbrunn-apotheke.at\/katalog\/wp-json\/wp\/v2\/media\/82735"}],"wp:attachment":[{"href":"https:\/\/www.ernstbrunn-apotheke.at\/katalog\/wp-json\/wp\/v2\/media?parent=82733"}],"wp:term":[{"taxonomy":"product_brand","embeddable":true,"href":"https:\/\/www.ernstbrunn-apotheke.at\/katalog\/wp-json\/wp\/v2\/product_brand?post=82733"},{"taxonomy":"product_cat","embeddable":true,"href":"https:\/\/www.ernstbrunn-apotheke.at\/katalog\/wp-json\/wp\/v2\/product_cat?post=82733"},{"taxonomy":"product_tag","embeddable":true,"href":"https:\/\/www.ernstbrunn-apotheke.at\/katalog\/wp-json\/wp\/v2\/product_tag?post=82733"}],"curies":[{"name":"wp","href":"https:\/\/api.w.org\/{rel}","templated":true}]}}