{"id":82686,"date":"2025-11-11T23:41:11","date_gmt":"2025-11-11T22:41:11","guid":{"rendered":"https:\/\/www.ernstbrunn-apotheke.at\/katalog\/produkt\/adler-bachblueten-elm-tropfen-10-ml\/"},"modified":"2025-12-08T19:28:06","modified_gmt":"2025-12-08T18:28:06","slug":"adler-bachblueten-elm-tropfen-10-ml","status":"publish","type":"product","link":"https:\/\/www.ernstbrunn-apotheke.at\/katalog\/produkt\/adler-bachblueten-elm-tropfen-10-ml\/","title":{"rendered":"Adler Bachbl\u00fcten Elm Tropfen 10 ml"},"content":{"rendered":"<p>Adler Bachbl\u00fcten Elm Tropfen 10 ml sind Teil der &#8222;Zweiten Neunzehn&#8220; Bachbl\u00fctenessenzen, die mit Gem\u00fctszust\u00e4nden verwandt sind und sich auf allt\u00e4gliche Situationen beziehen. Elm Tropfen eignen sich f\u00fcr Menschen, die sich pl\u00f6tzlich einer gro\u00dfen Aufgabe oder Verantwortung nicht mehr gewachsen f\u00fchlen und k\u00f6nnen bei Leistungsstress, pl\u00f6tzlichem \u00dcberforderungsgef\u00fchl, drohendem Zusammenbruch und akuten Erkrankungen unterst\u00fctzend wirken.<\/p>\n","protected":false},"excerpt":{"rendered":"<p>Adler Bachbl\u00fcten Elm Tropfen 10 ml sind Teil der &#8222;Zweiten Neunzehn&#8220; Bachbl\u00fctenessenzen, die mit Gem\u00fctszust\u00e4nden verwandt sind und sich auf allt\u00e4gliche Situationen beziehen. Elm Tropfen eignen sich f\u00fcr Menschen, die sich pl\u00f6tzlich einer gro\u00dfen Aufgabe oder Verantwortung nicht mehr gewachsen f\u00fchlen und k\u00f6nnen bei Leistungsstress, pl\u00f6tzlichem \u00dcberforderungsgef\u00fchl, drohendem Zusammenbruch und akuten Erkrankungen unterst\u00fctzend wirken.<\/p>\n","protected":false},"featured_media":82688,"template":"","meta":{"_acf_changed":false},"product_brand":[928],"product_cat":[801],"product_tag":[],"class_list":{"0":"post-82686","1":"product","2":"type-product","3":"status-publish","4":"has-post-thumbnail","6":"product_brand-adler-pharma","7":"product_cat-a","8":"pa_packungsgroesse-10ml","10":"first","11":"instock","12":"shipping-taxable","13":"purchasable","14":"product-type-simple"},"acf":[],"_links":{"self":[{"href":"https:\/\/www.ernstbrunn-apotheke.at\/katalog\/wp-json\/wp\/v2\/product\/82686","targetHints":{"allow":["GET"]}}],"collection":[{"href":"https:\/\/www.ernstbrunn-apotheke.at\/katalog\/wp-json\/wp\/v2\/product"}],"about":[{"href":"https:\/\/www.ernstbrunn-apotheke.at\/katalog\/wp-json\/wp\/v2\/types\/product"}],"wp:featuredmedia":[{"embeddable":true,"href":"https:\/\/www.ernstbrunn-apotheke.at\/katalog\/wp-json\/wp\/v2\/media\/82688"}],"wp:attachment":[{"href":"https:\/\/www.ernstbrunn-apotheke.at\/katalog\/wp-json\/wp\/v2\/media?parent=82686"}],"wp:term":[{"taxonomy":"product_brand","embeddable":true,"href":"https:\/\/www.ernstbrunn-apotheke.at\/katalog\/wp-json\/wp\/v2\/product_brand?post=82686"},{"taxonomy":"product_cat","embeddable":true,"href":"https:\/\/www.ernstbrunn-apotheke.at\/katalog\/wp-json\/wp\/v2\/product_cat?post=82686"},{"taxonomy":"product_tag","embeddable":true,"href":"https:\/\/www.ernstbrunn-apotheke.at\/katalog\/wp-json\/wp\/v2\/product_tag?post=82686"}],"curies":[{"name":"wp","href":"https:\/\/api.w.org\/{rel}","templated":true}]}}