{"id":82680,"date":"2025-11-11T23:41:11","date_gmt":"2025-11-11T22:41:11","guid":{"rendered":"https:\/\/www.ernstbrunn-apotheke.at\/katalog\/produkt\/l-methionin-500mg-kapseln-3\/"},"modified":"2025-12-08T19:28:05","modified_gmt":"2025-12-08T18:28:05","slug":"l-methionin-500mg-kapseln-3","status":"publish","type":"product","link":"https:\/\/www.ernstbrunn-apotheke.at\/katalog\/produkt\/l-methionin-500mg-kapseln-3\/","title":{"rendered":"L &#8211; Methionin 500mg Kapseln"},"content":{"rendered":"<p>Gall Pharma L-Methionin 500 mg Kapseln enthalten 500 mg L-Methionin in einer Hartgelatinekapsel. L-Methionin ist Ausgangspunkt f\u00fcr jeglichen Eiwei\u00dfaufbau. Besondere Bedeutung hat sie au\u00dferdem f\u00fcr den Fettstoffwechsel, da sie der Einlagerung von Fetten in die Blutgef\u00e4\u00dfe und in die Leber entgegenwirkt &#8211; Wir bieten Ihnen das Sortiment einer Standortapotheke, direkt zu Ihnen nach Hause geliefert!<\/p>\n","protected":false},"excerpt":{"rendered":"<p>Gall Pharma L-Methionin 500 mg Kapseln enthalten 500 mg L-Methionin in einer Hartgelatinekapsel. L-Methionin ist Ausgangspunkt f\u00fcr jeglichen Eiwei\u00dfaufbau. Besondere Bedeutung hat sie au\u00dferdem f\u00fcr den Fettstoffwechsel, da sie der Einlagerung von Fetten in die Blutgef\u00e4\u00dfe und in die Leber entgegenwirkt &#8211; Wir bieten Ihnen das Sortiment einer Standortapotheke, direkt zu Ihnen nach Hause geliefert!<\/p>\n","protected":false},"featured_media":82682,"template":"","meta":{"_acf_changed":false},"product_brand":[371],"product_cat":[795],"product_tag":[],"class_list":{"0":"post-82680","1":"product","2":"type-product","3":"status-publish","4":"has-post-thumbnail","6":"product_brand-gall-pharma","7":"product_cat-l","8":"pa_packungsgroesse-180-stueck","10":"first","11":"instock","12":"shipping-taxable","13":"purchasable","14":"product-type-simple"},"acf":[],"_links":{"self":[{"href":"https:\/\/www.ernstbrunn-apotheke.at\/katalog\/wp-json\/wp\/v2\/product\/82680","targetHints":{"allow":["GET"]}}],"collection":[{"href":"https:\/\/www.ernstbrunn-apotheke.at\/katalog\/wp-json\/wp\/v2\/product"}],"about":[{"href":"https:\/\/www.ernstbrunn-apotheke.at\/katalog\/wp-json\/wp\/v2\/types\/product"}],"wp:featuredmedia":[{"embeddable":true,"href":"https:\/\/www.ernstbrunn-apotheke.at\/katalog\/wp-json\/wp\/v2\/media\/82682"}],"wp:attachment":[{"href":"https:\/\/www.ernstbrunn-apotheke.at\/katalog\/wp-json\/wp\/v2\/media?parent=82680"}],"wp:term":[{"taxonomy":"product_brand","embeddable":true,"href":"https:\/\/www.ernstbrunn-apotheke.at\/katalog\/wp-json\/wp\/v2\/product_brand?post=82680"},{"taxonomy":"product_cat","embeddable":true,"href":"https:\/\/www.ernstbrunn-apotheke.at\/katalog\/wp-json\/wp\/v2\/product_cat?post=82680"},{"taxonomy":"product_tag","embeddable":true,"href":"https:\/\/www.ernstbrunn-apotheke.at\/katalog\/wp-json\/wp\/v2\/product_tag?post=82680"}],"curies":[{"name":"wp","href":"https:\/\/api.w.org\/{rel}","templated":true}]}}