{"id":82642,"date":"2025-11-11T23:40:26","date_gmt":"2025-11-11T22:40:26","guid":{"rendered":"https:\/\/www.ernstbrunn-apotheke.at\/katalog\/produkt\/cystein-500mg-kapseln-2\/"},"modified":"2025-12-08T19:27:53","modified_gmt":"2025-12-08T18:27:53","slug":"cystein-500mg-kapseln-2","status":"publish","type":"product","link":"https:\/\/www.ernstbrunn-apotheke.at\/katalog\/produkt\/cystein-500mg-kapseln-2\/","title":{"rendered":"Cystein 500mg Kapseln"},"content":{"rendered":"<p>Gall Pharma Cystein 500 mg Kapseln 100 Stk. enthalten 500 mg L-Cystein in einer Hartgelatinekapsel. Cystein hat die hervorragende F\u00e4higkeit sch\u00e4dliche Substanzen aus dem Organismus zu entfernen, eignet sich zum Vorbeugen und f\u00fcr Behandlungen. Sie entfernt Schwermetalle, sch\u00fctzt gegen die Wirkung des Rauches und des Alkohols, inaktiviert freie Radikale und sch\u00fctzt vor Strahlungen.<\/p>\n","protected":false},"excerpt":{"rendered":"<p>Gall Pharma Cystein 500 mg Kapseln 100 Stk. enthalten 500 mg L-Cystein in einer Hartgelatinekapsel. Cystein hat die hervorragende F\u00e4higkeit sch\u00e4dliche Substanzen aus dem Organismus zu entfernen, eignet sich zum Vorbeugen und f\u00fcr Behandlungen. Sie entfernt Schwermetalle, sch\u00fctzt gegen die Wirkung des Rauches und des Alkohols, inaktiviert freie Radikale und sch\u00fctzt vor Strahlungen.<\/p>\n","protected":false},"featured_media":82644,"template":"","meta":{"_acf_changed":false},"product_brand":[371],"product_cat":[812],"product_tag":[],"class_list":{"0":"post-82642","1":"product","2":"type-product","3":"status-publish","4":"has-post-thumbnail","6":"product_brand-gall-pharma","7":"product_cat-c","8":"pa_packungsgroesse-100-stueck","10":"first","11":"instock","12":"shipping-taxable","13":"purchasable","14":"product-type-simple"},"acf":[],"_links":{"self":[{"href":"https:\/\/www.ernstbrunn-apotheke.at\/katalog\/wp-json\/wp\/v2\/product\/82642","targetHints":{"allow":["GET"]}}],"collection":[{"href":"https:\/\/www.ernstbrunn-apotheke.at\/katalog\/wp-json\/wp\/v2\/product"}],"about":[{"href":"https:\/\/www.ernstbrunn-apotheke.at\/katalog\/wp-json\/wp\/v2\/types\/product"}],"wp:featuredmedia":[{"embeddable":true,"href":"https:\/\/www.ernstbrunn-apotheke.at\/katalog\/wp-json\/wp\/v2\/media\/82644"}],"wp:attachment":[{"href":"https:\/\/www.ernstbrunn-apotheke.at\/katalog\/wp-json\/wp\/v2\/media?parent=82642"}],"wp:term":[{"taxonomy":"product_brand","embeddable":true,"href":"https:\/\/www.ernstbrunn-apotheke.at\/katalog\/wp-json\/wp\/v2\/product_brand?post=82642"},{"taxonomy":"product_cat","embeddable":true,"href":"https:\/\/www.ernstbrunn-apotheke.at\/katalog\/wp-json\/wp\/v2\/product_cat?post=82642"},{"taxonomy":"product_tag","embeddable":true,"href":"https:\/\/www.ernstbrunn-apotheke.at\/katalog\/wp-json\/wp\/v2\/product_tag?post=82642"}],"curies":[{"name":"wp","href":"https:\/\/api.w.org\/{rel}","templated":true}]}}