{"id":82630,"date":"2025-11-11T23:39:57","date_gmt":"2025-11-11T22:39:57","guid":{"rendered":"https:\/\/www.ernstbrunn-apotheke.at\/katalog\/produkt\/l-erbolario-koerpercreme-150-ml-rose\/"},"modified":"2025-12-08T19:27:44","modified_gmt":"2025-12-08T18:27:44","slug":"l-erbolario-koerpercreme-150-ml-rose","status":"publish","type":"product","link":"https:\/\/www.ernstbrunn-apotheke.at\/katalog\/produkt\/l-erbolario-koerpercreme-150-ml-rose\/","title":{"rendered":"L Erbolario K\u00f6rpercreme 150 ml Rose"},"content":{"rendered":"<p>L&#8217;Erbolario K\u00f6rpercreme verw\u00f6hnt Ihre Haut mit seinen straffenden und sch\u00fctzenden Eigenschaften. Hochwertige Ingredienzien mit ihren stark r\u00fcckfettenden und gl\u00e4ttenden Eigenschaften machen diese Creme zum idealen Begleiter im Kampf gegen un\u00e4sthetische Hauterschlaffung.<\/p>\n","protected":false},"excerpt":{"rendered":"<p>L&#8217;Erbolario K\u00f6rpercreme verw\u00f6hnt Ihre Haut mit seinen straffenden und sch\u00fctzenden Eigenschaften. Hochwertige Ingredienzien mit ihren stark r\u00fcckfettenden und gl\u00e4ttenden Eigenschaften machen diese Creme zum idealen Begleiter im Kampf gegen un\u00e4sthetische Hauterschlaffung.<\/p>\n","protected":false},"featured_media":0,"template":"","meta":{"_acf_changed":false},"product_brand":[725],"product_cat":[795],"product_tag":[],"class_list":{"0":"post-82630","1":"product","2":"type-product","3":"status-publish","5":"product_brand-lerbolario","6":"product_cat-l","7":"pa_packungsgroesse-150ml","9":"first","10":"instock","11":"shipping-taxable","12":"purchasable","13":"product-type-simple"},"acf":[],"_links":{"self":[{"href":"https:\/\/www.ernstbrunn-apotheke.at\/katalog\/wp-json\/wp\/v2\/product\/82630","targetHints":{"allow":["GET"]}}],"collection":[{"href":"https:\/\/www.ernstbrunn-apotheke.at\/katalog\/wp-json\/wp\/v2\/product"}],"about":[{"href":"https:\/\/www.ernstbrunn-apotheke.at\/katalog\/wp-json\/wp\/v2\/types\/product"}],"wp:attachment":[{"href":"https:\/\/www.ernstbrunn-apotheke.at\/katalog\/wp-json\/wp\/v2\/media?parent=82630"}],"wp:term":[{"taxonomy":"product_brand","embeddable":true,"href":"https:\/\/www.ernstbrunn-apotheke.at\/katalog\/wp-json\/wp\/v2\/product_brand?post=82630"},{"taxonomy":"product_cat","embeddable":true,"href":"https:\/\/www.ernstbrunn-apotheke.at\/katalog\/wp-json\/wp\/v2\/product_cat?post=82630"},{"taxonomy":"product_tag","embeddable":true,"href":"https:\/\/www.ernstbrunn-apotheke.at\/katalog\/wp-json\/wp\/v2\/product_tag?post=82630"}],"curies":[{"name":"wp","href":"https:\/\/api.w.org\/{rel}","templated":true}]}}