{"id":82559,"date":"2025-11-11T23:38:57","date_gmt":"2025-11-11T22:38:57","guid":{"rendered":"https:\/\/www.ernstbrunn-apotheke.at\/katalog\/produkt\/astaxanthin-kapseln-4mg-apo-60-stk\/"},"modified":"2025-12-08T19:27:11","modified_gmt":"2025-12-08T18:27:11","slug":"astaxanthin-kapseln-4mg-apo-60-stk","status":"publish","type":"product","link":"https:\/\/www.ernstbrunn-apotheke.at\/katalog\/produkt\/astaxanthin-kapseln-4mg-apo-60-stk\/","title":{"rendered":"Astaxanthin Kapseln 4mg Apo 60 Stk."},"content":{"rendered":"<p>Astaxanthin Kapseln enthalten neben nat\u00fcrlichem Astaxanthin ein weiteres Antioxidans, n\u00e4mlich Vitamin E. Das Vitamin tr\u00e4gt dazu bei, die Zellen vor oxidativem Stress zu sch\u00fctzen. Bereits eine Kapsel gen\u00fcgt, um den Tagesbedarf an Vitamin E zur H\u00e4lfte zu decken.<\/p>\n","protected":false},"excerpt":{"rendered":"<p>Astaxanthin Kapseln enthalten neben nat\u00fcrlichem Astaxanthin ein weiteres Antioxidans, n\u00e4mlich Vitamin E. Das Vitamin tr\u00e4gt dazu bei, die Zellen vor oxidativem Stress zu sch\u00fctzen. Bereits eine Kapsel gen\u00fcgt, um den Tagesbedarf an Vitamin E zur H\u00e4lfte zu decken.<\/p>\n","protected":false},"featured_media":0,"template":"","meta":{"_acf_changed":false},"product_brand":[],"product_cat":[801],"product_tag":[],"class_list":{"0":"post-82559","1":"product","2":"type-product","3":"status-publish","5":"product_cat-a","6":"pa_packungsgroesse-60-stueck","8":"first","9":"instock","10":"shipping-taxable","11":"purchasable","12":"product-type-simple"},"acf":[],"_links":{"self":[{"href":"https:\/\/www.ernstbrunn-apotheke.at\/katalog\/wp-json\/wp\/v2\/product\/82559","targetHints":{"allow":["GET"]}}],"collection":[{"href":"https:\/\/www.ernstbrunn-apotheke.at\/katalog\/wp-json\/wp\/v2\/product"}],"about":[{"href":"https:\/\/www.ernstbrunn-apotheke.at\/katalog\/wp-json\/wp\/v2\/types\/product"}],"wp:attachment":[{"href":"https:\/\/www.ernstbrunn-apotheke.at\/katalog\/wp-json\/wp\/v2\/media?parent=82559"}],"wp:term":[{"taxonomy":"product_brand","embeddable":true,"href":"https:\/\/www.ernstbrunn-apotheke.at\/katalog\/wp-json\/wp\/v2\/product_brand?post=82559"},{"taxonomy":"product_cat","embeddable":true,"href":"https:\/\/www.ernstbrunn-apotheke.at\/katalog\/wp-json\/wp\/v2\/product_cat?post=82559"},{"taxonomy":"product_tag","embeddable":true,"href":"https:\/\/www.ernstbrunn-apotheke.at\/katalog\/wp-json\/wp\/v2\/product_tag?post=82559"}],"curies":[{"name":"wp","href":"https:\/\/api.w.org\/{rel}","templated":true}]}}