{"id":82557,"date":"2025-11-11T23:38:57","date_gmt":"2025-11-11T22:38:57","guid":{"rendered":"https:\/\/www.ernstbrunn-apotheke.at\/katalog\/produkt\/st-severin-nerventee-70-g\/"},"modified":"2025-12-08T19:27:10","modified_gmt":"2025-12-08T18:27:10","slug":"st-severin-nerventee-70-g","status":"publish","type":"product","link":"https:\/\/www.ernstbrunn-apotheke.at\/katalog\/produkt\/st-severin-nerventee-70-g\/","title":{"rendered":"St. Severin Nerventee 70 g"},"content":{"rendered":"<p>ST. SEVERIN\u00ae Nerventee wirkt beruhigend und mildert Angst und Spannungszust\u00e4nde. Er ist geeignet zur Behandlung von Nervosit\u00e4t, Unruhe, Angstzust\u00e4nde und Einschlafst\u00f6rungen.<\/p>\n","protected":false},"excerpt":{"rendered":"<p>ST. SEVERIN\u00ae Nerventee wirkt beruhigend und mildert Angst und Spannungszust\u00e4nde. Er ist geeignet zur Behandlung von Nervosit\u00e4t, Unruhe, Angstzust\u00e4nde und Einschlafst\u00f6rungen.<\/p>\n","protected":false},"featured_media":0,"template":"","meta":{"_acf_changed":false},"product_brand":[435],"product_cat":[791],"product_tag":[],"class_list":{"0":"post-82557","1":"product","2":"type-product","3":"status-publish","5":"product_brand-st-severin","6":"product_cat-s","7":"pa_packungsgroesse-70g","9":"first","10":"instock","11":"shipping-taxable","12":"purchasable","13":"product-type-simple"},"acf":[],"_links":{"self":[{"href":"https:\/\/www.ernstbrunn-apotheke.at\/katalog\/wp-json\/wp\/v2\/product\/82557","targetHints":{"allow":["GET"]}}],"collection":[{"href":"https:\/\/www.ernstbrunn-apotheke.at\/katalog\/wp-json\/wp\/v2\/product"}],"about":[{"href":"https:\/\/www.ernstbrunn-apotheke.at\/katalog\/wp-json\/wp\/v2\/types\/product"}],"wp:attachment":[{"href":"https:\/\/www.ernstbrunn-apotheke.at\/katalog\/wp-json\/wp\/v2\/media?parent=82557"}],"wp:term":[{"taxonomy":"product_brand","embeddable":true,"href":"https:\/\/www.ernstbrunn-apotheke.at\/katalog\/wp-json\/wp\/v2\/product_brand?post=82557"},{"taxonomy":"product_cat","embeddable":true,"href":"https:\/\/www.ernstbrunn-apotheke.at\/katalog\/wp-json\/wp\/v2\/product_cat?post=82557"},{"taxonomy":"product_tag","embeddable":true,"href":"https:\/\/www.ernstbrunn-apotheke.at\/katalog\/wp-json\/wp\/v2\/product_tag?post=82557"}],"curies":[{"name":"wp","href":"https:\/\/api.w.org\/{rel}","templated":true}]}}