{"id":82438,"date":"2025-11-11T23:36:59","date_gmt":"2025-11-11T22:36:59","guid":{"rendered":"https:\/\/www.ernstbrunn-apotheke.at\/katalog\/produkt\/olbas-lutschtabletten-minis-zuckerfrei-20-g\/"},"modified":"2025-12-08T19:26:18","modified_gmt":"2025-12-08T18:26:18","slug":"olbas-lutschtabletten-minis-zuckerfrei-20-g","status":"publish","type":"product","link":"https:\/\/www.ernstbrunn-apotheke.at\/katalog\/produkt\/olbas-lutschtabletten-minis-zuckerfrei-20-g\/","title":{"rendered":"Olbas Lutschtabletten Minis zuckerfrei 20 g"},"content":{"rendered":"<p>Olbas Lutschtabletten Minis zuckerfrei sind eine echte Wohltat bei Husten und Heiserkeit. Die zuckerfreien Lutschtabletten erfrischen zus\u00e4tzlich die enthaltenen \u00e4therischen \u00d6le aus Pfefferminze, Cajeput und Eukalyptus auch den Atem.<\/p>\n","protected":false},"excerpt":{"rendered":"<p>Olbas Lutschtabletten Minis zuckerfrei sind eine echte Wohltat bei Husten und Heiserkeit. Die zuckerfreien Lutschtabletten erfrischen zus\u00e4tzlich die enthaltenen \u00e4therischen \u00d6le aus Pfefferminze, Cajeput und Eukalyptus auch den Atem.<\/p>\n","protected":false},"featured_media":82440,"template":"","meta":{"_acf_changed":false},"product_brand":[],"product_cat":[819],"product_tag":[],"class_list":{"0":"post-82438","1":"product","2":"type-product","3":"status-publish","4":"has-post-thumbnail","6":"product_cat-o","7":"pa_packungsgroesse-20g","9":"first","10":"instock","11":"shipping-taxable","12":"purchasable","13":"product-type-simple"},"acf":[],"_links":{"self":[{"href":"https:\/\/www.ernstbrunn-apotheke.at\/katalog\/wp-json\/wp\/v2\/product\/82438","targetHints":{"allow":["GET"]}}],"collection":[{"href":"https:\/\/www.ernstbrunn-apotheke.at\/katalog\/wp-json\/wp\/v2\/product"}],"about":[{"href":"https:\/\/www.ernstbrunn-apotheke.at\/katalog\/wp-json\/wp\/v2\/types\/product"}],"wp:featuredmedia":[{"embeddable":true,"href":"https:\/\/www.ernstbrunn-apotheke.at\/katalog\/wp-json\/wp\/v2\/media\/82440"}],"wp:attachment":[{"href":"https:\/\/www.ernstbrunn-apotheke.at\/katalog\/wp-json\/wp\/v2\/media?parent=82438"}],"wp:term":[{"taxonomy":"product_brand","embeddable":true,"href":"https:\/\/www.ernstbrunn-apotheke.at\/katalog\/wp-json\/wp\/v2\/product_brand?post=82438"},{"taxonomy":"product_cat","embeddable":true,"href":"https:\/\/www.ernstbrunn-apotheke.at\/katalog\/wp-json\/wp\/v2\/product_cat?post=82438"},{"taxonomy":"product_tag","embeddable":true,"href":"https:\/\/www.ernstbrunn-apotheke.at\/katalog\/wp-json\/wp\/v2\/product_tag?post=82438"}],"curies":[{"name":"wp","href":"https:\/\/api.w.org\/{rel}","templated":true}]}}