{"id":82396,"date":"2025-11-11T23:35:14","date_gmt":"2025-11-11T22:35:14","guid":{"rendered":"https:\/\/www.ernstbrunn-apotheke.at\/katalog\/produkt\/l-erbolario-hand-und-nagelcreme-mit-oliven-75-ml\/"},"modified":"2025-12-08T19:26:02","modified_gmt":"2025-12-08T18:26:02","slug":"l-erbolario-hand-und-nagelcreme-mit-oliven-75-ml","status":"publish","type":"product","link":"https:\/\/www.ernstbrunn-apotheke.at\/katalog\/produkt\/l-erbolario-hand-und-nagelcreme-mit-oliven-75-ml\/","title":{"rendered":"L Erbolario Hand- und Nagelcreme mit Oliven 75 ml"},"content":{"rendered":"<p>L&#8217;Erbolario Hand- und Nagelcreme mit Oliven kr\u00e4ftigt die Hautschichten und h\u00e4lt die Haut geschmeidig, sch\u00fctzt sie vor aggressiven \u00e4u\u00dferen Einfl\u00fcssen, schuppige und ger\u00f6tete Haut wird bek\u00e4mpft und lang anhaltend weich. Dank der Unterst\u00fctzung durch die Vitamine dieser Formel werden auch br\u00fcchige und ruinierte N\u00e4gel wieder glatt und kompakt.<\/p>\n","protected":false},"excerpt":{"rendered":"<p>L&#8217;Erbolario Hand- und Nagelcreme mit Oliven kr\u00e4ftigt die Hautschichten und h\u00e4lt die Haut geschmeidig, sch\u00fctzt sie vor aggressiven \u00e4u\u00dferen Einfl\u00fcssen, schuppige und ger\u00f6tete Haut wird bek\u00e4mpft und lang anhaltend weich. Dank der Unterst\u00fctzung durch die Vitamine dieser Formel werden auch br\u00fcchige und ruinierte N\u00e4gel wieder glatt und kompakt.<\/p>\n","protected":false},"featured_media":0,"template":"","meta":{"_acf_changed":false},"product_brand":[725],"product_cat":[795],"product_tag":[],"class_list":{"0":"post-82396","1":"product","2":"type-product","3":"status-publish","5":"product_brand-lerbolario","6":"product_cat-l","7":"pa_packungsgroesse-75ml","9":"first","10":"instock","11":"shipping-taxable","12":"purchasable","13":"product-type-simple"},"acf":[],"_links":{"self":[{"href":"https:\/\/www.ernstbrunn-apotheke.at\/katalog\/wp-json\/wp\/v2\/product\/82396","targetHints":{"allow":["GET"]}}],"collection":[{"href":"https:\/\/www.ernstbrunn-apotheke.at\/katalog\/wp-json\/wp\/v2\/product"}],"about":[{"href":"https:\/\/www.ernstbrunn-apotheke.at\/katalog\/wp-json\/wp\/v2\/types\/product"}],"wp:attachment":[{"href":"https:\/\/www.ernstbrunn-apotheke.at\/katalog\/wp-json\/wp\/v2\/media?parent=82396"}],"wp:term":[{"taxonomy":"product_brand","embeddable":true,"href":"https:\/\/www.ernstbrunn-apotheke.at\/katalog\/wp-json\/wp\/v2\/product_brand?post=82396"},{"taxonomy":"product_cat","embeddable":true,"href":"https:\/\/www.ernstbrunn-apotheke.at\/katalog\/wp-json\/wp\/v2\/product_cat?post=82396"},{"taxonomy":"product_tag","embeddable":true,"href":"https:\/\/www.ernstbrunn-apotheke.at\/katalog\/wp-json\/wp\/v2\/product_tag?post=82396"}],"curies":[{"name":"wp","href":"https:\/\/api.w.org\/{rel}","templated":true}]}}