{"id":82381,"date":"2025-11-11T23:35:14","date_gmt":"2025-11-11T22:35:14","guid":{"rendered":"https:\/\/www.ernstbrunn-apotheke.at\/katalog\/produkt\/the-nutri-store-maca-pulver-500-g\/"},"modified":"2025-12-08T19:25:59","modified_gmt":"2025-12-08T18:25:59","slug":"the-nutri-store-maca-pulver-500-g","status":"publish","type":"product","link":"https:\/\/www.ernstbrunn-apotheke.at\/katalog\/produkt\/the-nutri-store-maca-pulver-500-g\/","title":{"rendered":"The Nutri Store Maca Pulver 500 g"},"content":{"rendered":"<p>The Nutri Store Maca Pulver enth\u00e4lt 100 % reines Maca-Pulver. Verzehrsempfehlung: T\u00e4glich 1 geh\u00e4uften Teel\u00f6ffel Pulver (entspricht ca. 5 g) in M\u00fcsli oder in ein beliebiges Getr\u00e4nk einr\u00fchren und verzehren. Der k\u00f6stliche Geschmack ist auch f\u00fcr Kinder ein Hochgenuss.<\/p>\n","protected":false},"excerpt":{"rendered":"<p>The Nutri Store Maca Pulver enth\u00e4lt 100 % reines Maca-Pulver. Verzehrsempfehlung: T\u00e4glich 1 geh\u00e4uften Teel\u00f6ffel Pulver (entspricht ca. 5 g) in M\u00fcsli oder in ein beliebiges Getr\u00e4nk einr\u00fchren und verzehren. Der k\u00f6stliche Geschmack ist auch f\u00fcr Kinder ein Hochgenuss.<\/p>\n","protected":false},"featured_media":82383,"template":"","meta":{"_acf_changed":false},"product_brand":[],"product_cat":[798],"product_tag":[],"class_list":{"0":"post-82381","1":"product","2":"type-product","3":"status-publish","4":"has-post-thumbnail","6":"product_cat-t","7":"pa_packungsgroesse-500g","9":"first","10":"instock","11":"shipping-taxable","12":"purchasable","13":"product-type-simple"},"acf":[],"_links":{"self":[{"href":"https:\/\/www.ernstbrunn-apotheke.at\/katalog\/wp-json\/wp\/v2\/product\/82381","targetHints":{"allow":["GET"]}}],"collection":[{"href":"https:\/\/www.ernstbrunn-apotheke.at\/katalog\/wp-json\/wp\/v2\/product"}],"about":[{"href":"https:\/\/www.ernstbrunn-apotheke.at\/katalog\/wp-json\/wp\/v2\/types\/product"}],"wp:featuredmedia":[{"embeddable":true,"href":"https:\/\/www.ernstbrunn-apotheke.at\/katalog\/wp-json\/wp\/v2\/media\/82383"}],"wp:attachment":[{"href":"https:\/\/www.ernstbrunn-apotheke.at\/katalog\/wp-json\/wp\/v2\/media?parent=82381"}],"wp:term":[{"taxonomy":"product_brand","embeddable":true,"href":"https:\/\/www.ernstbrunn-apotheke.at\/katalog\/wp-json\/wp\/v2\/product_brand?post=82381"},{"taxonomy":"product_cat","embeddable":true,"href":"https:\/\/www.ernstbrunn-apotheke.at\/katalog\/wp-json\/wp\/v2\/product_cat?post=82381"},{"taxonomy":"product_tag","embeddable":true,"href":"https:\/\/www.ernstbrunn-apotheke.at\/katalog\/wp-json\/wp\/v2\/product_tag?post=82381"}],"curies":[{"name":"wp","href":"https:\/\/api.w.org\/{rel}","templated":true}]}}