{"id":82369,"date":"2025-11-11T23:35:14","date_gmt":"2025-11-11T22:35:14","guid":{"rendered":"https:\/\/www.ernstbrunn-apotheke.at\/katalog\/produkt\/traumasalbe-301-100-g\/"},"modified":"2025-12-08T19:25:56","modified_gmt":"2025-12-08T18:25:56","slug":"traumasalbe-301-100-g","status":"publish","type":"product","link":"https:\/\/www.ernstbrunn-apotheke.at\/katalog\/produkt\/traumasalbe-301-100-g\/","title":{"rendered":"Traumasalbe 301 100 g"},"content":{"rendered":"<p>Trauma-Salbe 301 ist f\u00fcr die Behandlung von akuten Verletzungen des aktiven Bewegungsapparates geeignet. Es wird eine rasche Schmerzlinderung und Muskelentspannung bei gleichzeitiger K\u00fchlung erreicht. Methylsalicylat wirkt schmerzstillend und entz\u00fcndungshemmend. Menthol hat einen k\u00fchlenden Effekt und ist leicht an\u00e4sthesierend. Kampfer hat ebenso wie die bereits erw\u00e4hnten Wirkstoffe durchblutungsf\u00f6rdernde Eigenschaften. Im Fall von Verletzungen und Entz\u00fcndungen bewirkt eine erh\u00f6hte Durchblutung ein rascheres Abklingen der Beschwerden. Au\u00dferdem kann dadurch die Salbe von der Haut leichter aufgenommen werden.Trauma-Salbe 301 wird angewendet bei: Akuten Verletzungen der Muskeln, Gelenke und Sehnen wie Zerrungen, Verstauchungen, Prellungen, Muskelschmerzen durch \u00dcberanstrengung, Muskelkater, Hexenschuss, akute rheumatische Beschwerden, Ischias, Schmerzen im Bereich der Gelenke und der Wirbels\u00e4ule.Trauma-Salbe 301 wird angewendet bei Erwachsenen und Jugendlichen ab 12 Jahren.Wenn Sie sich nach 7 Tagen nicht besser oder gar schlechter f\u00fchlen, wenden Sie sich an Ihren Arzt..<\/p>\n","protected":false},"excerpt":{"rendered":"<p>Trauma-Salbe 301 ist f\u00fcr die Behandlung von akuten Verletzungen des aktiven Bewegungsapparates geeignet. Es wird eine rasche Schmerzlinderung und Muskelentspannung bei gleichzeitiger K\u00fchlung erreicht. Methylsalicylat wirkt schmerzstillend und entz\u00fcndungshemmend. Menthol hat einen k\u00fchlenden Effekt und ist leicht an\u00e4sthesierend. Kampfer hat ebenso wie die bereits erw\u00e4hnten Wirkstoffe durchblutungsf\u00f6rdernde Eigenschaften. Im Fall von Verletzungen und Entz\u00fcndungen bewirkt [&hellip;]<\/p>\n","protected":false},"featured_media":82371,"template":"","meta":{"_acf_changed":false},"product_brand":[],"product_cat":[798],"product_tag":[],"class_list":{"0":"post-82369","1":"product","2":"type-product","3":"status-publish","4":"has-post-thumbnail","6":"product_cat-t","7":"pa_packungsgroesse-100g","9":"first","10":"instock","11":"shipping-taxable","12":"purchasable","13":"product-type-simple"},"acf":[],"_links":{"self":[{"href":"https:\/\/www.ernstbrunn-apotheke.at\/katalog\/wp-json\/wp\/v2\/product\/82369","targetHints":{"allow":["GET"]}}],"collection":[{"href":"https:\/\/www.ernstbrunn-apotheke.at\/katalog\/wp-json\/wp\/v2\/product"}],"about":[{"href":"https:\/\/www.ernstbrunn-apotheke.at\/katalog\/wp-json\/wp\/v2\/types\/product"}],"wp:featuredmedia":[{"embeddable":true,"href":"https:\/\/www.ernstbrunn-apotheke.at\/katalog\/wp-json\/wp\/v2\/media\/82371"}],"wp:attachment":[{"href":"https:\/\/www.ernstbrunn-apotheke.at\/katalog\/wp-json\/wp\/v2\/media?parent=82369"}],"wp:term":[{"taxonomy":"product_brand","embeddable":true,"href":"https:\/\/www.ernstbrunn-apotheke.at\/katalog\/wp-json\/wp\/v2\/product_brand?post=82369"},{"taxonomy":"product_cat","embeddable":true,"href":"https:\/\/www.ernstbrunn-apotheke.at\/katalog\/wp-json\/wp\/v2\/product_cat?post=82369"},{"taxonomy":"product_tag","embeddable":true,"href":"https:\/\/www.ernstbrunn-apotheke.at\/katalog\/wp-json\/wp\/v2\/product_tag?post=82369"}],"curies":[{"name":"wp","href":"https:\/\/api.w.org\/{rel}","templated":true}]}}