{"id":82296,"date":"2025-11-11T23:33:45","date_gmt":"2025-11-11T22:33:45","guid":{"rendered":"https:\/\/www.ernstbrunn-apotheke.at\/katalog\/produkt\/layenberger-lowcarb-one-proteinriegel-cranberry-cassis-35-g\/"},"modified":"2025-12-08T19:25:13","modified_gmt":"2025-12-08T18:25:13","slug":"layenberger-lowcarb-one-proteinriegel-cranberry-cassis-35-g","status":"publish","type":"product","link":"https:\/\/www.ernstbrunn-apotheke.at\/katalog\/produkt\/layenberger-lowcarb-one-proteinriegel-cranberry-cassis-35-g\/","title":{"rendered":"Layenberger LowCarb.one Proteinriegel Cranberry-Cassis 35 g"},"content":{"rendered":"<p>Layenberger LowCarb.one Proteinriegel in der Geschmacksrichtung &#8222;Cranberry-Cassis&#8220; ist die praktische Eiwei\u00dfquelle f\u00fcr unterwegs. Der Riegel enth\u00e4lt mindestens 45% Eiwei\u00df, aber maximal 25% Kohlenhydrate und eignet sich ideal f\u00fcr eine kohlenhydratreduzierte bzw. eiwei\u00dfreiche Ern\u00e4hrung &#8211; dieses und weitere Produkte von Layenberger mit hohem Rabatt bestellen!<\/p>\n","protected":false},"excerpt":{"rendered":"<p>Layenberger LowCarb.one Proteinriegel in der Geschmacksrichtung &#8222;Cranberry-Cassis&#8220; ist die praktische Eiwei\u00dfquelle f\u00fcr unterwegs. Der Riegel enth\u00e4lt mindestens 45% Eiwei\u00df, aber maximal 25% Kohlenhydrate und eignet sich ideal f\u00fcr eine kohlenhydratreduzierte bzw. eiwei\u00dfreiche Ern\u00e4hrung &#8211; dieses und weitere Produkte von Layenberger mit hohem Rabatt bestellen!<\/p>\n","protected":false},"featured_media":0,"template":"","meta":{"_acf_changed":false},"product_brand":[],"product_cat":[795],"product_tag":[],"class_list":{"0":"post-82296","1":"product","2":"type-product","3":"status-publish","5":"product_cat-l","6":"pa_packungsgroesse-35g","8":"first","9":"instock","10":"shipping-taxable","11":"purchasable","12":"product-type-simple"},"acf":[],"_links":{"self":[{"href":"https:\/\/www.ernstbrunn-apotheke.at\/katalog\/wp-json\/wp\/v2\/product\/82296","targetHints":{"allow":["GET"]}}],"collection":[{"href":"https:\/\/www.ernstbrunn-apotheke.at\/katalog\/wp-json\/wp\/v2\/product"}],"about":[{"href":"https:\/\/www.ernstbrunn-apotheke.at\/katalog\/wp-json\/wp\/v2\/types\/product"}],"wp:attachment":[{"href":"https:\/\/www.ernstbrunn-apotheke.at\/katalog\/wp-json\/wp\/v2\/media?parent=82296"}],"wp:term":[{"taxonomy":"product_brand","embeddable":true,"href":"https:\/\/www.ernstbrunn-apotheke.at\/katalog\/wp-json\/wp\/v2\/product_brand?post=82296"},{"taxonomy":"product_cat","embeddable":true,"href":"https:\/\/www.ernstbrunn-apotheke.at\/katalog\/wp-json\/wp\/v2\/product_cat?post=82296"},{"taxonomy":"product_tag","embeddable":true,"href":"https:\/\/www.ernstbrunn-apotheke.at\/katalog\/wp-json\/wp\/v2\/product_tag?post=82296"}],"curies":[{"name":"wp","href":"https:\/\/api.w.org\/{rel}","templated":true}]}}