{"id":8227,"date":"2025-11-07T13:38:54","date_gmt":"2025-11-07T12:38:54","guid":{"rendered":"https:\/\/www.ernstbrunn-apotheke.at\/katalog\/produkt\/optico-augentropfen-045ml-einzeldosen\/"},"modified":"2025-12-08T13:25:07","modified_gmt":"2025-12-08T12:25:07","slug":"optico-augentropfen-045ml-einzeldosen","status":"publish","type":"product","link":"https:\/\/www.ernstbrunn-apotheke.at\/katalog\/produkt\/optico-augentropfen-045ml-einzeldosen\/","title":{"rendered":"Optico Augentropfen 0,45ml Einzeldosen"},"content":{"rendered":"<p>Dr. B\u00f6hm Optico Augentropfen 0,45 ml werden zur Langzeitlinderung trockener und gereizter Augen eingesetzt. Sie sorgen f\u00fcr eine intensive und langanhaltende Befeuchtung der Augen. Die enthaltene Hyalurons\u00e4ure stabilisiert den Tr\u00e4nenfilm und befeuchtet intensiv. Das Produkt eignet sich f\u00fcr alle Arten von Kontaktlinsen und zur Daueranwendung &#8211; nutzen Sie alle Vorteile einer Versandapotheke und lassen Sie sich Ihr Paket bequem und versandkostenfrei* nach Hause liefern!<\/p>\n","protected":false},"excerpt":{"rendered":"<p>Dr. B\u00f6hm Optico Augentropfen 0,45 ml werden zur Langzeitlinderung trockener und gereizter Augen eingesetzt. Sie sorgen f\u00fcr eine intensive und langanhaltende Befeuchtung der Augen. Die enthaltene Hyalurons\u00e4ure stabilisiert den Tr\u00e4nenfilm und befeuchtet intensiv. Das Produkt eignet sich f\u00fcr alle Arten von Kontaktlinsen und zur Daueranwendung &#8211; nutzen Sie alle Vorteile einer Versandapotheke und lassen Sie [&hellip;]<\/p>\n","protected":false},"featured_media":8229,"template":"","meta":{"_acf_changed":false},"product_brand":[365],"product_cat":[819],"product_tag":[],"class_list":{"0":"post-8227","1":"product","2":"type-product","3":"status-publish","4":"has-post-thumbnail","6":"product_brand-dr-boehm","7":"product_cat-o","8":"pa_packungsgroesse-20-stueck","10":"first","11":"instock","12":"shipping-taxable","13":"purchasable","14":"product-type-simple"},"acf":[],"_links":{"self":[{"href":"https:\/\/www.ernstbrunn-apotheke.at\/katalog\/wp-json\/wp\/v2\/product\/8227","targetHints":{"allow":["GET"]}}],"collection":[{"href":"https:\/\/www.ernstbrunn-apotheke.at\/katalog\/wp-json\/wp\/v2\/product"}],"about":[{"href":"https:\/\/www.ernstbrunn-apotheke.at\/katalog\/wp-json\/wp\/v2\/types\/product"}],"wp:featuredmedia":[{"embeddable":true,"href":"https:\/\/www.ernstbrunn-apotheke.at\/katalog\/wp-json\/wp\/v2\/media\/8229"}],"wp:attachment":[{"href":"https:\/\/www.ernstbrunn-apotheke.at\/katalog\/wp-json\/wp\/v2\/media?parent=8227"}],"wp:term":[{"taxonomy":"product_brand","embeddable":true,"href":"https:\/\/www.ernstbrunn-apotheke.at\/katalog\/wp-json\/wp\/v2\/product_brand?post=8227"},{"taxonomy":"product_cat","embeddable":true,"href":"https:\/\/www.ernstbrunn-apotheke.at\/katalog\/wp-json\/wp\/v2\/product_cat?post=8227"},{"taxonomy":"product_tag","embeddable":true,"href":"https:\/\/www.ernstbrunn-apotheke.at\/katalog\/wp-json\/wp\/v2\/product_tag?post=8227"}],"curies":[{"name":"wp","href":"https:\/\/api.w.org\/{rel}","templated":true}]}}