{"id":8217,"date":"2025-11-07T13:38:54","date_gmt":"2025-11-07T12:38:54","guid":{"rendered":"https:\/\/www.ernstbrunn-apotheke.at\/katalog\/produkt\/macusan-tabletten-areds-2-60-stk\/"},"modified":"2025-12-08T13:25:07","modified_gmt":"2025-12-08T12:25:07","slug":"macusan-tabletten-areds-2-60-stk","status":"publish","type":"product","link":"https:\/\/www.ernstbrunn-apotheke.at\/katalog\/produkt\/macusan-tabletten-areds-2-60-stk\/","title":{"rendered":"Macusan Tabletten Areds 2 60 Stk."},"content":{"rendered":"<p>Macusan Areds 2 Tabletten sind ein Nahrungserg\u00e4nzungsmittel zur di\u00e4tischen Behandlung von altersbedingter Makuladegeneration. Die spezifische Zusammensetzung dieser Tabletten ist den besonderen Ern\u00e4hrungserfordernissen im angegebenen Anwendungsbereich angepasst und deckt gezielt den erh\u00f6hten Bedarf an Mikron\u00e4hrstoffen von Personen mit altersbedingter Makuladegeneration.<\/p>\n","protected":false},"excerpt":{"rendered":"<p>Macusan Areds 2 Tabletten sind ein Nahrungserg\u00e4nzungsmittel zur di\u00e4tischen Behandlung von altersbedingter Makuladegeneration. Die spezifische Zusammensetzung dieser Tabletten ist den besonderen Ern\u00e4hrungserfordernissen im angegebenen Anwendungsbereich angepasst und deckt gezielt den erh\u00f6hten Bedarf an Mikron\u00e4hrstoffen von Personen mit altersbedingter Makuladegeneration.<\/p>\n","protected":false},"featured_media":8219,"template":"","meta":{"_acf_changed":false},"product_brand":[],"product_cat":[800],"product_tag":[],"class_list":{"0":"post-8217","1":"product","2":"type-product","3":"status-publish","4":"has-post-thumbnail","6":"product_cat-m","7":"pa_farbe-gelb-orange","8":"pa_packungsgroesse-60-stueck","10":"first","11":"instock","12":"shipping-taxable","13":"purchasable","14":"product-type-simple"},"acf":[],"_links":{"self":[{"href":"https:\/\/www.ernstbrunn-apotheke.at\/katalog\/wp-json\/wp\/v2\/product\/8217","targetHints":{"allow":["GET"]}}],"collection":[{"href":"https:\/\/www.ernstbrunn-apotheke.at\/katalog\/wp-json\/wp\/v2\/product"}],"about":[{"href":"https:\/\/www.ernstbrunn-apotheke.at\/katalog\/wp-json\/wp\/v2\/types\/product"}],"wp:featuredmedia":[{"embeddable":true,"href":"https:\/\/www.ernstbrunn-apotheke.at\/katalog\/wp-json\/wp\/v2\/media\/8219"}],"wp:attachment":[{"href":"https:\/\/www.ernstbrunn-apotheke.at\/katalog\/wp-json\/wp\/v2\/media?parent=8217"}],"wp:term":[{"taxonomy":"product_brand","embeddable":true,"href":"https:\/\/www.ernstbrunn-apotheke.at\/katalog\/wp-json\/wp\/v2\/product_brand?post=8217"},{"taxonomy":"product_cat","embeddable":true,"href":"https:\/\/www.ernstbrunn-apotheke.at\/katalog\/wp-json\/wp\/v2\/product_cat?post=8217"},{"taxonomy":"product_tag","embeddable":true,"href":"https:\/\/www.ernstbrunn-apotheke.at\/katalog\/wp-json\/wp\/v2\/product_tag?post=8217"}],"curies":[{"name":"wp","href":"https:\/\/api.w.org\/{rel}","templated":true}]}}