{"id":82167,"date":"2025-11-11T23:31:34","date_gmt":"2025-11-11T22:31:34","guid":{"rendered":"https:\/\/www.ernstbrunn-apotheke.at\/katalog\/produkt\/allergika-lipo-duschoel-200-ml\/"},"modified":"2025-12-08T19:24:28","modified_gmt":"2025-12-08T18:24:28","slug":"allergika-lipo-duschoel-200-ml","status":"publish","type":"product","link":"https:\/\/www.ernstbrunn-apotheke.at\/katalog\/produkt\/allergika-lipo-duschoel-200-ml\/","title":{"rendered":"Allergika Lipo-Dusch\u00f6l 200 ml"},"content":{"rendered":"<p>Allergika Lipo-Dusch\u00f6l ist eine hypoallergene, seifenfreie Hautreinigung auf \u00d6lbasis f\u00fcr trockene und fettarme Haut. Das Dusch\u00f6l ist bestens zur Anwendung im Gesicht, an den H\u00e4nden und am K\u00f6rper geeignet. Mit Nachtkerzen\u00f6l.<\/p>\n","protected":false},"excerpt":{"rendered":"<p>Allergika Lipo-Dusch\u00f6l ist eine hypoallergene, seifenfreie Hautreinigung auf \u00d6lbasis f\u00fcr trockene und fettarme Haut. Das Dusch\u00f6l ist bestens zur Anwendung im Gesicht, an den H\u00e4nden und am K\u00f6rper geeignet. Mit Nachtkerzen\u00f6l.<\/p>\n","protected":false},"featured_media":82169,"template":"","meta":{"_acf_changed":false},"product_brand":[396],"product_cat":[801],"product_tag":[],"class_list":{"0":"post-82167","1":"product","2":"type-product","3":"status-publish","4":"has-post-thumbnail","6":"product_brand-allergika","7":"product_cat-a","8":"pa_packungsgroesse-200ml","10":"first","11":"instock","12":"shipping-taxable","13":"purchasable","14":"product-type-simple"},"acf":[],"_links":{"self":[{"href":"https:\/\/www.ernstbrunn-apotheke.at\/katalog\/wp-json\/wp\/v2\/product\/82167","targetHints":{"allow":["GET"]}}],"collection":[{"href":"https:\/\/www.ernstbrunn-apotheke.at\/katalog\/wp-json\/wp\/v2\/product"}],"about":[{"href":"https:\/\/www.ernstbrunn-apotheke.at\/katalog\/wp-json\/wp\/v2\/types\/product"}],"wp:featuredmedia":[{"embeddable":true,"href":"https:\/\/www.ernstbrunn-apotheke.at\/katalog\/wp-json\/wp\/v2\/media\/82169"}],"wp:attachment":[{"href":"https:\/\/www.ernstbrunn-apotheke.at\/katalog\/wp-json\/wp\/v2\/media?parent=82167"}],"wp:term":[{"taxonomy":"product_brand","embeddable":true,"href":"https:\/\/www.ernstbrunn-apotheke.at\/katalog\/wp-json\/wp\/v2\/product_brand?post=82167"},{"taxonomy":"product_cat","embeddable":true,"href":"https:\/\/www.ernstbrunn-apotheke.at\/katalog\/wp-json\/wp\/v2\/product_cat?post=82167"},{"taxonomy":"product_tag","embeddable":true,"href":"https:\/\/www.ernstbrunn-apotheke.at\/katalog\/wp-json\/wp\/v2\/product_tag?post=82167"}],"curies":[{"name":"wp","href":"https:\/\/api.w.org\/{rel}","templated":true}]}}