{"id":82143,"date":"2025-11-11T23:31:34","date_gmt":"2025-11-11T22:31:34","guid":{"rendered":"https:\/\/www.ernstbrunn-apotheke.at\/katalog\/produkt\/vitaking-ginkgo-biloba-90-stk-60mg\/"},"modified":"2025-12-08T19:24:19","modified_gmt":"2025-12-08T18:24:19","slug":"vitaking-ginkgo-biloba-90-stk-60mg","status":"publish","type":"product","link":"https:\/\/www.ernstbrunn-apotheke.at\/katalog\/produkt\/vitaking-ginkgo-biloba-90-stk-60mg\/","title":{"rendered":"Vitaking Ginkgo Biloba 90 Stk. 60mg"},"content":{"rendered":"<p>Vitaking Gmbh bietet f\u00fcr jede Altersklasse und f\u00fcr beide Geschlechter jeweils die genau richtige Zusammensetzung von Vitaminen und N\u00e4hrstoffen<\/p>\n","protected":false},"excerpt":{"rendered":"<p>Vitaking Gmbh bietet f\u00fcr jede Altersklasse und f\u00fcr beide Geschlechter jeweils die genau richtige Zusammensetzung von Vitaminen und N\u00e4hrstoffen<\/p>\n","protected":false},"featured_media":82145,"template":"","meta":{"_acf_changed":false},"product_brand":[],"product_cat":[799],"product_tag":[],"class_list":{"0":"post-82143","1":"product","2":"type-product","3":"status-publish","4":"has-post-thumbnail","6":"product_cat-v","7":"pa_packungsgroesse-90-stueck","9":"first","10":"instock","11":"shipping-taxable","12":"purchasable","13":"product-type-simple"},"acf":[],"_links":{"self":[{"href":"https:\/\/www.ernstbrunn-apotheke.at\/katalog\/wp-json\/wp\/v2\/product\/82143","targetHints":{"allow":["GET"]}}],"collection":[{"href":"https:\/\/www.ernstbrunn-apotheke.at\/katalog\/wp-json\/wp\/v2\/product"}],"about":[{"href":"https:\/\/www.ernstbrunn-apotheke.at\/katalog\/wp-json\/wp\/v2\/types\/product"}],"wp:featuredmedia":[{"embeddable":true,"href":"https:\/\/www.ernstbrunn-apotheke.at\/katalog\/wp-json\/wp\/v2\/media\/82145"}],"wp:attachment":[{"href":"https:\/\/www.ernstbrunn-apotheke.at\/katalog\/wp-json\/wp\/v2\/media?parent=82143"}],"wp:term":[{"taxonomy":"product_brand","embeddable":true,"href":"https:\/\/www.ernstbrunn-apotheke.at\/katalog\/wp-json\/wp\/v2\/product_brand?post=82143"},{"taxonomy":"product_cat","embeddable":true,"href":"https:\/\/www.ernstbrunn-apotheke.at\/katalog\/wp-json\/wp\/v2\/product_cat?post=82143"},{"taxonomy":"product_tag","embeddable":true,"href":"https:\/\/www.ernstbrunn-apotheke.at\/katalog\/wp-json\/wp\/v2\/product_tag?post=82143"}],"curies":[{"name":"wp","href":"https:\/\/api.w.org\/{rel}","templated":true}]}}