{"id":8212,"date":"2025-11-07T13:38:21","date_gmt":"2025-11-07T12:38:21","guid":{"rendered":"https:\/\/www.ernstbrunn-apotheke.at\/katalog\/produkt\/systane-balance-benetzende-augentropfen\/"},"modified":"2025-12-08T13:25:05","modified_gmt":"2025-12-08T12:25:05","slug":"systane-balance-benetzende-augentropfen","status":"publish","type":"product","link":"https:\/\/www.ernstbrunn-apotheke.at\/katalog\/produkt\/systane-balance-benetzende-augentropfen\/","title":{"rendered":"Systane Balance benetzende Augentropfen"},"content":{"rendered":"<p>Systane Balance Augentropfen dienen zur Linderung trockener und tr\u00e4nender Augen bei Lipidmangel. Sie sind bestens zur Lidrandreizung und f\u00fcr alle, die von einer Meibom-Dr\u00fcsen-Dysfunktion (MDD) betroffen sind, geeignet. Erg\u00e4nzt die Lipidschicht, stabilisiert den Tr\u00e4nenfilm und reduziert die Tropffrequenz &#8211; jetzt ganz bequem online von zu Hause aus bestellen!<\/p>\n","protected":false},"excerpt":{"rendered":"<p>Systane Balance Augentropfen dienen zur Linderung trockener und tr\u00e4nender Augen bei Lipidmangel. Sie sind bestens zur Lidrandreizung und f\u00fcr alle, die von einer Meibom-Dr\u00fcsen-Dysfunktion (MDD) betroffen sind, geeignet. Erg\u00e4nzt die Lipidschicht, stabilisiert den Tr\u00e4nenfilm und reduziert die Tropffrequenz &#8211; jetzt ganz bequem online von zu Hause aus bestellen!<\/p>\n","protected":false},"featured_media":8214,"template":"","meta":{"_acf_changed":false},"product_brand":[],"product_cat":[791],"product_tag":[],"class_list":{"0":"post-8212","1":"product","2":"type-product","3":"status-publish","4":"has-post-thumbnail","6":"product_cat-s","7":"pa_packungsgroesse-10ml","9":"first","10":"instock","11":"shipping-taxable","12":"purchasable","13":"product-type-simple"},"acf":[],"_links":{"self":[{"href":"https:\/\/www.ernstbrunn-apotheke.at\/katalog\/wp-json\/wp\/v2\/product\/8212","targetHints":{"allow":["GET"]}}],"collection":[{"href":"https:\/\/www.ernstbrunn-apotheke.at\/katalog\/wp-json\/wp\/v2\/product"}],"about":[{"href":"https:\/\/www.ernstbrunn-apotheke.at\/katalog\/wp-json\/wp\/v2\/types\/product"}],"wp:featuredmedia":[{"embeddable":true,"href":"https:\/\/www.ernstbrunn-apotheke.at\/katalog\/wp-json\/wp\/v2\/media\/8214"}],"wp:attachment":[{"href":"https:\/\/www.ernstbrunn-apotheke.at\/katalog\/wp-json\/wp\/v2\/media?parent=8212"}],"wp:term":[{"taxonomy":"product_brand","embeddable":true,"href":"https:\/\/www.ernstbrunn-apotheke.at\/katalog\/wp-json\/wp\/v2\/product_brand?post=8212"},{"taxonomy":"product_cat","embeddable":true,"href":"https:\/\/www.ernstbrunn-apotheke.at\/katalog\/wp-json\/wp\/v2\/product_cat?post=8212"},{"taxonomy":"product_tag","embeddable":true,"href":"https:\/\/www.ernstbrunn-apotheke.at\/katalog\/wp-json\/wp\/v2\/product_tag?post=8212"}],"curies":[{"name":"wp","href":"https:\/\/api.w.org\/{rel}","templated":true}]}}