{"id":82090,"date":"2025-11-11T23:30:14","date_gmt":"2025-11-11T22:30:14","guid":{"rendered":"https:\/\/www.ernstbrunn-apotheke.at\/katalog\/produkt\/adler-bachblueten-cerato-tropfen-30-ml\/"},"modified":"2025-12-08T19:24:00","modified_gmt":"2025-12-08T18:24:00","slug":"adler-bachblueten-cerato-tropfen-30-ml","status":"publish","type":"product","link":"https:\/\/www.ernstbrunn-apotheke.at\/katalog\/produkt\/adler-bachblueten-cerato-tropfen-30-ml\/","title":{"rendered":"Adler Bachbl\u00fcten Cerato Tropfen 30 ml"},"content":{"rendered":"<p>Adler Bachbl\u00fcten Cerato Tropfen 30 ml sind Teil der &#8222;Ersten Zw\u00f6lf&#8220; Bachbl\u00fcten und beschreiben, was f\u00fcr ein Typ Mensch Sie sind. Cerato Tropfen k\u00f6nnen bei unterentwickeltem Selbstbewusstsein, Unsicherheit, Unselbst\u00e4ndigkeit oder Orientierungslosigkeit unterst\u00fctzend wirken und sind vor allem f\u00fcr leicht zu irritierende und beeinflussbare Menschen n\u00fctzlich<\/p>\n","protected":false},"excerpt":{"rendered":"<p>Adler Bachbl\u00fcten Cerato Tropfen 30 ml sind Teil der &#8222;Ersten Zw\u00f6lf&#8220; Bachbl\u00fcten und beschreiben, was f\u00fcr ein Typ Mensch Sie sind. Cerato Tropfen k\u00f6nnen bei unterentwickeltem Selbstbewusstsein, Unsicherheit, Unselbst\u00e4ndigkeit oder Orientierungslosigkeit unterst\u00fctzend wirken und sind vor allem f\u00fcr leicht zu irritierende und beeinflussbare Menschen n\u00fctzlich<\/p>\n","protected":false},"featured_media":82092,"template":"","meta":{"_acf_changed":false},"product_brand":[928],"product_cat":[801],"product_tag":[],"class_list":{"0":"post-82090","1":"product","2":"type-product","3":"status-publish","4":"has-post-thumbnail","6":"product_brand-adler-pharma","7":"product_cat-a","8":"pa_packungsgroesse-30ml","10":"first","11":"instock","12":"shipping-taxable","13":"purchasable","14":"product-type-simple"},"acf":[],"_links":{"self":[{"href":"https:\/\/www.ernstbrunn-apotheke.at\/katalog\/wp-json\/wp\/v2\/product\/82090","targetHints":{"allow":["GET"]}}],"collection":[{"href":"https:\/\/www.ernstbrunn-apotheke.at\/katalog\/wp-json\/wp\/v2\/product"}],"about":[{"href":"https:\/\/www.ernstbrunn-apotheke.at\/katalog\/wp-json\/wp\/v2\/types\/product"}],"wp:featuredmedia":[{"embeddable":true,"href":"https:\/\/www.ernstbrunn-apotheke.at\/katalog\/wp-json\/wp\/v2\/media\/82092"}],"wp:attachment":[{"href":"https:\/\/www.ernstbrunn-apotheke.at\/katalog\/wp-json\/wp\/v2\/media?parent=82090"}],"wp:term":[{"taxonomy":"product_brand","embeddable":true,"href":"https:\/\/www.ernstbrunn-apotheke.at\/katalog\/wp-json\/wp\/v2\/product_brand?post=82090"},{"taxonomy":"product_cat","embeddable":true,"href":"https:\/\/www.ernstbrunn-apotheke.at\/katalog\/wp-json\/wp\/v2\/product_cat?post=82090"},{"taxonomy":"product_tag","embeddable":true,"href":"https:\/\/www.ernstbrunn-apotheke.at\/katalog\/wp-json\/wp\/v2\/product_tag?post=82090"}],"curies":[{"name":"wp","href":"https:\/\/api.w.org\/{rel}","templated":true}]}}