{"id":82069,"date":"2025-11-11T23:30:14","date_gmt":"2025-11-11T22:30:14","guid":{"rendered":"https:\/\/www.ernstbrunn-apotheke.at\/katalog\/produkt\/l-erbolario-bad-duschgel-250-ml-rose\/"},"modified":"2025-12-08T19:23:51","modified_gmt":"2025-12-08T18:23:51","slug":"l-erbolario-bad-duschgel-250-ml-rose","status":"publish","type":"product","link":"https:\/\/www.ernstbrunn-apotheke.at\/katalog\/produkt\/l-erbolario-bad-duschgel-250-ml-rose\/","title":{"rendered":"L Erbolario Bad-Duschgel 250 ml Rose"},"content":{"rendered":"<p>L&#8217;Erbolario Bad-Duschgel pflegt Ihre Haut auf besonders nat\u00fcrliche Art und Weise. Das Duschgel erfrischt, spendet Feuchtigkeit, macht die Haut sanft und weich und gibt einen frischen Duft. Dieses Produkt erhalten Sie in den Varianten Maigl\u00f6ckchen, Rose, Patchouly, Peonie, Iris, Primaverde und Rose 3 in Packungen zu 250 ml und Gr\u00fcner Tee und Citrus in der Packungsgr\u00f6\u00dfe 200 ml.<\/p>\n","protected":false},"excerpt":{"rendered":"<p>L&#8217;Erbolario Bad-Duschgel pflegt Ihre Haut auf besonders nat\u00fcrliche Art und Weise. Das Duschgel erfrischt, spendet Feuchtigkeit, macht die Haut sanft und weich und gibt einen frischen Duft. Dieses Produkt erhalten Sie in den Varianten Maigl\u00f6ckchen, Rose, Patchouly, Peonie, Iris, Primaverde und Rose 3 in Packungen zu 250 ml und Gr\u00fcner Tee und Citrus in der [&hellip;]<\/p>\n","protected":false},"featured_media":0,"template":"","meta":{"_acf_changed":false},"product_brand":[725],"product_cat":[795],"product_tag":[],"class_list":{"0":"post-82069","1":"product","2":"type-product","3":"status-publish","5":"product_brand-lerbolario","6":"product_cat-l","7":"pa_packungsgroesse-250ml","9":"first","10":"instock","11":"shipping-taxable","12":"purchasable","13":"product-type-simple"},"acf":[],"_links":{"self":[{"href":"https:\/\/www.ernstbrunn-apotheke.at\/katalog\/wp-json\/wp\/v2\/product\/82069","targetHints":{"allow":["GET"]}}],"collection":[{"href":"https:\/\/www.ernstbrunn-apotheke.at\/katalog\/wp-json\/wp\/v2\/product"}],"about":[{"href":"https:\/\/www.ernstbrunn-apotheke.at\/katalog\/wp-json\/wp\/v2\/types\/product"}],"wp:attachment":[{"href":"https:\/\/www.ernstbrunn-apotheke.at\/katalog\/wp-json\/wp\/v2\/media?parent=82069"}],"wp:term":[{"taxonomy":"product_brand","embeddable":true,"href":"https:\/\/www.ernstbrunn-apotheke.at\/katalog\/wp-json\/wp\/v2\/product_brand?post=82069"},{"taxonomy":"product_cat","embeddable":true,"href":"https:\/\/www.ernstbrunn-apotheke.at\/katalog\/wp-json\/wp\/v2\/product_cat?post=82069"},{"taxonomy":"product_tag","embeddable":true,"href":"https:\/\/www.ernstbrunn-apotheke.at\/katalog\/wp-json\/wp\/v2\/product_tag?post=82069"}],"curies":[{"name":"wp","href":"https:\/\/api.w.org\/{rel}","templated":true}]}}