{"id":8202,"date":"2025-11-07T13:38:21","date_gmt":"2025-11-07T12:38:21","guid":{"rendered":"https:\/\/www.ernstbrunn-apotheke.at\/katalog\/produkt\/macusan-tabletten-plus-30-stk\/"},"modified":"2025-12-08T13:25:05","modified_gmt":"2025-12-08T12:25:05","slug":"macusan-tabletten-plus-30-stk","status":"publish","type":"product","link":"https:\/\/www.ernstbrunn-apotheke.at\/katalog\/produkt\/macusan-tabletten-plus-30-stk\/","title":{"rendered":"Macusan Tabletten Plus 30 Stk."},"content":{"rendered":"<p>Macusan Tabletten Plus enthalten eine Wirkstoffkombination aus Vitaminen und Spurenelementen, die antioxidative Eigenschaften besitzt und eine wertvolle Unterst\u00fctzung zu den Vitalstoffen bietet. Lutein sch\u00fctzt das Auge vor sch\u00e4dlichen Sonnenstrahlen &#8211; Se bezahlen per Kauf auf Rechnung, PayPal, Kreditkarte oder Bank\u00fcberweisung!<\/p>\n","protected":false},"excerpt":{"rendered":"<p>Macusan Tabletten Plus enthalten eine Wirkstoffkombination aus Vitaminen und Spurenelementen, die antioxidative Eigenschaften besitzt und eine wertvolle Unterst\u00fctzung zu den Vitalstoffen bietet. Lutein sch\u00fctzt das Auge vor sch\u00e4dlichen Sonnenstrahlen &#8211; Se bezahlen per Kauf auf Rechnung, PayPal, Kreditkarte oder Bank\u00fcberweisung!<\/p>\n","protected":false},"featured_media":8204,"template":"","meta":{"_acf_changed":false},"product_brand":[],"product_cat":[800],"product_tag":[],"class_list":{"0":"post-8202","1":"product","2":"type-product","3":"status-publish","4":"has-post-thumbnail","6":"product_cat-m","7":"pa_packungsgroesse-30-stueck","9":"first","10":"instock","11":"shipping-taxable","12":"purchasable","13":"product-type-simple"},"acf":[],"_links":{"self":[{"href":"https:\/\/www.ernstbrunn-apotheke.at\/katalog\/wp-json\/wp\/v2\/product\/8202","targetHints":{"allow":["GET"]}}],"collection":[{"href":"https:\/\/www.ernstbrunn-apotheke.at\/katalog\/wp-json\/wp\/v2\/product"}],"about":[{"href":"https:\/\/www.ernstbrunn-apotheke.at\/katalog\/wp-json\/wp\/v2\/types\/product"}],"wp:featuredmedia":[{"embeddable":true,"href":"https:\/\/www.ernstbrunn-apotheke.at\/katalog\/wp-json\/wp\/v2\/media\/8204"}],"wp:attachment":[{"href":"https:\/\/www.ernstbrunn-apotheke.at\/katalog\/wp-json\/wp\/v2\/media?parent=8202"}],"wp:term":[{"taxonomy":"product_brand","embeddable":true,"href":"https:\/\/www.ernstbrunn-apotheke.at\/katalog\/wp-json\/wp\/v2\/product_brand?post=8202"},{"taxonomy":"product_cat","embeddable":true,"href":"https:\/\/www.ernstbrunn-apotheke.at\/katalog\/wp-json\/wp\/v2\/product_cat?post=8202"},{"taxonomy":"product_tag","embeddable":true,"href":"https:\/\/www.ernstbrunn-apotheke.at\/katalog\/wp-json\/wp\/v2\/product_tag?post=8202"}],"curies":[{"name":"wp","href":"https:\/\/api.w.org\/{rel}","templated":true}]}}