{"id":81883,"date":"2025-11-11T23:26:40","date_gmt":"2025-11-11T22:26:40","guid":{"rendered":"https:\/\/www.ernstbrunn-apotheke.at\/katalog\/produkt\/sebamed-trockene-haut-fusscreme-parfumfrei-urea-10-100-ml\/"},"modified":"2025-12-08T19:22:27","modified_gmt":"2025-12-08T18:22:27","slug":"sebamed-trockene-haut-fusscreme-parfumfrei-urea-10-100-ml","status":"publish","type":"product","link":"https:\/\/www.ernstbrunn-apotheke.at\/katalog\/produkt\/sebamed-trockene-haut-fusscreme-parfumfrei-urea-10-100-ml\/","title":{"rendered":"Sebamed Trockene Haut Fu\u00dfcreme Parfumfrei Urea 10% 100 ml"},"content":{"rendered":"<p>Trockene Haut Fu\u00dfcreme mit Urea ohne Parfum von sebamed wurde speziell f\u00fcr Menschen mit sensitiver, zu Allergien neigender Haut entwickelt, die auf Parfumstoffe verzichten wollen oder m\u00fcssen. Die Vertr\u00e4glichkeit und Pflegewirkung aller sebamed Produkte ist durch dermatologische Pr\u00fcfungen verl\u00e4sslich abgesichert.<\/p>\n","protected":false},"excerpt":{"rendered":"<p>Trockene Haut Fu\u00dfcreme mit Urea ohne Parfum von sebamed wurde speziell f\u00fcr Menschen mit sensitiver, zu Allergien neigender Haut entwickelt, die auf Parfumstoffe verzichten wollen oder m\u00fcssen. Die Vertr\u00e4glichkeit und Pflegewirkung aller sebamed Produkte ist durch dermatologische Pr\u00fcfungen verl\u00e4sslich abgesichert.<\/p>\n","protected":false},"featured_media":0,"template":"","meta":{"_acf_changed":false},"product_brand":[737],"product_cat":[791],"product_tag":[],"class_list":{"0":"post-81883","1":"product","2":"type-product","3":"status-publish","5":"product_brand-sebamed","6":"product_cat-s","7":"pa_packungsgroesse-100ml","9":"first","10":"instock","11":"shipping-taxable","12":"purchasable","13":"product-type-simple"},"acf":[],"_links":{"self":[{"href":"https:\/\/www.ernstbrunn-apotheke.at\/katalog\/wp-json\/wp\/v2\/product\/81883","targetHints":{"allow":["GET"]}}],"collection":[{"href":"https:\/\/www.ernstbrunn-apotheke.at\/katalog\/wp-json\/wp\/v2\/product"}],"about":[{"href":"https:\/\/www.ernstbrunn-apotheke.at\/katalog\/wp-json\/wp\/v2\/types\/product"}],"wp:attachment":[{"href":"https:\/\/www.ernstbrunn-apotheke.at\/katalog\/wp-json\/wp\/v2\/media?parent=81883"}],"wp:term":[{"taxonomy":"product_brand","embeddable":true,"href":"https:\/\/www.ernstbrunn-apotheke.at\/katalog\/wp-json\/wp\/v2\/product_brand?post=81883"},{"taxonomy":"product_cat","embeddable":true,"href":"https:\/\/www.ernstbrunn-apotheke.at\/katalog\/wp-json\/wp\/v2\/product_cat?post=81883"},{"taxonomy":"product_tag","embeddable":true,"href":"https:\/\/www.ernstbrunn-apotheke.at\/katalog\/wp-json\/wp\/v2\/product_tag?post=81883"}],"curies":[{"name":"wp","href":"https:\/\/api.w.org\/{rel}","templated":true}]}}