{"id":81874,"date":"2025-11-11T23:26:40","date_gmt":"2025-11-11T22:26:40","guid":{"rendered":"https:\/\/www.ernstbrunn-apotheke.at\/katalog\/produkt\/bachblueten-adl-agrimony-tr-hh-10-ml\/"},"modified":"2025-12-08T19:22:21","modified_gmt":"2025-12-08T18:22:21","slug":"bachblueten-adl-agrimony-tr-hh-10-ml","status":"publish","type":"product","link":"https:\/\/www.ernstbrunn-apotheke.at\/katalog\/produkt\/bachblueten-adl-agrimony-tr-hh-10-ml\/","title":{"rendered":"Bachbl\u00fcten ADL AGRIMONY TR HH 10 ML"},"content":{"rendered":"<p>Adler Bachbl\u00fcten Agrimony Tropfen 10 ml sind Teil der &#8222;Ersten Zw\u00f6lf&#8220; Bachbl\u00fcten und beschreiben, was f\u00fcr ein Typ Mensch Sie sind. Agrimony kann unterst\u00fctzend in der Suchttherapie eingesetzt werden und auch vielen Z\u00e4hneknirschern und N\u00e4gelkauern m\u00f6glicherweise helfen. Man erkennt die eigenen Probleme und ist dadurch besser in der Lage, sich ihnen zu stellen und sie zu bew\u00e4ltigen<\/p>\n","protected":false},"excerpt":{"rendered":"<p>Adler Bachbl\u00fcten Agrimony Tropfen 10 ml sind Teil der &#8222;Ersten Zw\u00f6lf&#8220; Bachbl\u00fcten und beschreiben, was f\u00fcr ein Typ Mensch Sie sind. Agrimony kann unterst\u00fctzend in der Suchttherapie eingesetzt werden und auch vielen Z\u00e4hneknirschern und N\u00e4gelkauern m\u00f6glicherweise helfen. Man erkennt die eigenen Probleme und ist dadurch besser in der Lage, sich ihnen zu stellen und sie [&hellip;]<\/p>\n","protected":false},"featured_media":81876,"template":"","meta":{"_acf_changed":false},"product_brand":[],"product_cat":[802],"product_tag":[],"class_list":{"0":"post-81874","1":"product","2":"type-product","3":"status-publish","4":"has-post-thumbnail","6":"product_cat-b","7":"pa_packungsgroesse-10ml","9":"first","10":"instock","11":"shipping-taxable","12":"purchasable","13":"product-type-simple"},"acf":[],"_links":{"self":[{"href":"https:\/\/www.ernstbrunn-apotheke.at\/katalog\/wp-json\/wp\/v2\/product\/81874","targetHints":{"allow":["GET"]}}],"collection":[{"href":"https:\/\/www.ernstbrunn-apotheke.at\/katalog\/wp-json\/wp\/v2\/product"}],"about":[{"href":"https:\/\/www.ernstbrunn-apotheke.at\/katalog\/wp-json\/wp\/v2\/types\/product"}],"wp:featuredmedia":[{"embeddable":true,"href":"https:\/\/www.ernstbrunn-apotheke.at\/katalog\/wp-json\/wp\/v2\/media\/81876"}],"wp:attachment":[{"href":"https:\/\/www.ernstbrunn-apotheke.at\/katalog\/wp-json\/wp\/v2\/media?parent=81874"}],"wp:term":[{"taxonomy":"product_brand","embeddable":true,"href":"https:\/\/www.ernstbrunn-apotheke.at\/katalog\/wp-json\/wp\/v2\/product_brand?post=81874"},{"taxonomy":"product_cat","embeddable":true,"href":"https:\/\/www.ernstbrunn-apotheke.at\/katalog\/wp-json\/wp\/v2\/product_cat?post=81874"},{"taxonomy":"product_tag","embeddable":true,"href":"https:\/\/www.ernstbrunn-apotheke.at\/katalog\/wp-json\/wp\/v2\/product_tag?post=81874"}],"curies":[{"name":"wp","href":"https:\/\/api.w.org\/{rel}","templated":true}]}}