{"id":81839,"date":"2025-11-11T23:26:01","date_gmt":"2025-11-11T22:26:01","guid":{"rendered":"https:\/\/www.ernstbrunn-apotheke.at\/katalog\/produkt\/cystus-salbe-75-ml\/"},"modified":"2025-12-08T19:22:06","modified_gmt":"2025-12-08T18:22:06","slug":"cystus-salbe-75-ml","status":"publish","type":"product","link":"https:\/\/www.ernstbrunn-apotheke.at\/katalog\/produkt\/cystus-salbe-75-ml\/","title":{"rendered":"Cystus Salbe 7,5 ml"},"content":{"rendered":"<p>Cystus Salbe besitzt durch ihren hohen Anteil wertvollen Mandel\u00f6ls und nat\u00fcrlichen Bienenwachses eine intensiv pflegende Wirkung, die auch trockene und empfindliche Haut besonders gut sch\u00fctzt. Durch die wohltuenden Eigenschaften des Cystus bietet sich die Salbe bei trockener Haut, rauhen Hautstellen oder als Basispflege bei Neurodermitis an. Auch f\u00fcr empfindliche Kinderhaut bestens geeignet.<\/p>\n","protected":false},"excerpt":{"rendered":"<p>Cystus Salbe besitzt durch ihren hohen Anteil wertvollen Mandel\u00f6ls und nat\u00fcrlichen Bienenwachses eine intensiv pflegende Wirkung, die auch trockene und empfindliche Haut besonders gut sch\u00fctzt. Durch die wohltuenden Eigenschaften des Cystus bietet sich die Salbe bei trockener Haut, rauhen Hautstellen oder als Basispflege bei Neurodermitis an. Auch f\u00fcr empfindliche Kinderhaut bestens geeignet.<\/p>\n","protected":false},"featured_media":0,"template":"","meta":{"_acf_changed":false},"product_brand":[],"product_cat":[812],"product_tag":[],"class_list":{"0":"post-81839","1":"product","2":"type-product","3":"status-publish","5":"product_cat-c","6":"pa_packungsgroesse-7ml","8":"first","9":"instock","10":"shipping-taxable","11":"purchasable","12":"product-type-simple"},"acf":[],"_links":{"self":[{"href":"https:\/\/www.ernstbrunn-apotheke.at\/katalog\/wp-json\/wp\/v2\/product\/81839","targetHints":{"allow":["GET"]}}],"collection":[{"href":"https:\/\/www.ernstbrunn-apotheke.at\/katalog\/wp-json\/wp\/v2\/product"}],"about":[{"href":"https:\/\/www.ernstbrunn-apotheke.at\/katalog\/wp-json\/wp\/v2\/types\/product"}],"wp:attachment":[{"href":"https:\/\/www.ernstbrunn-apotheke.at\/katalog\/wp-json\/wp\/v2\/media?parent=81839"}],"wp:term":[{"taxonomy":"product_brand","embeddable":true,"href":"https:\/\/www.ernstbrunn-apotheke.at\/katalog\/wp-json\/wp\/v2\/product_brand?post=81839"},{"taxonomy":"product_cat","embeddable":true,"href":"https:\/\/www.ernstbrunn-apotheke.at\/katalog\/wp-json\/wp\/v2\/product_cat?post=81839"},{"taxonomy":"product_tag","embeddable":true,"href":"https:\/\/www.ernstbrunn-apotheke.at\/katalog\/wp-json\/wp\/v2\/product_tag?post=81839"}],"curies":[{"name":"wp","href":"https:\/\/api.w.org\/{rel}","templated":true}]}}