{"id":81830,"date":"2025-11-11T23:26:01","date_gmt":"2025-11-11T22:26:01","guid":{"rendered":"https:\/\/www.ernstbrunn-apotheke.at\/katalog\/produkt\/madara-superseed-anti-age-recovery-beauty-30-ml-oel\/"},"modified":"2025-12-08T19:22:03","modified_gmt":"2025-12-08T18:22:03","slug":"madara-superseed-anti-age-recovery-beauty-30-ml-oel","status":"publish","type":"product","link":"https:\/\/www.ernstbrunn-apotheke.at\/katalog\/produkt\/madara-superseed-anti-age-recovery-beauty-30-ml-oel\/","title":{"rendered":"Madara Superseed Anti Age Recovery Beauty 30 ml \u00d6l"},"content":{"rendered":"<p>Madara Superseed Age Recovery l\u00e4sst reife und m\u00fcde Haut jugendlich erstrahlen. Die hoch bioaktiven Antioxidantien sch\u00fctzen Ihre Haut vor Umweltbelastungen und wirken als das Anti-Aging Mittel schlecht hin! Das in den Fr\u00fcchten enthaltene Karotin mindert Sonnensch\u00e4den und regt die nat\u00fcrlichen Regenerationsrhythmen Ihrer Haut neu an. Das Beste: Das \u00d6l wird von Ihrer Haut sofort aufgenommen und hinterl\u00e4sst ein angenehm eingecremtes Gef\u00fchl, ohne klebrig oder \u00f6lig zu wirken! Ihre Haut wirkt verj\u00fcngt und gepflegt ohne l\u00e4stige Spannungsgef\u00fchle oder Fettglanz \u2013 jetzt Produkte von Madara mit hohem Rabatt bestellen!<\/p>\n","protected":false},"excerpt":{"rendered":"<p>Madara Superseed Age Recovery l\u00e4sst reife und m\u00fcde Haut jugendlich erstrahlen. Die hoch bioaktiven Antioxidantien sch\u00fctzen Ihre Haut vor Umweltbelastungen und wirken als das Anti-Aging Mittel schlecht hin! Das in den Fr\u00fcchten enthaltene Karotin mindert Sonnensch\u00e4den und regt die nat\u00fcrlichen Regenerationsrhythmen Ihrer Haut neu an. Das Beste: Das \u00d6l wird von Ihrer Haut sofort aufgenommen [&hellip;]<\/p>\n","protected":false},"featured_media":81832,"template":"","meta":{"_acf_changed":false},"product_brand":[1253],"product_cat":[800],"product_tag":[],"class_list":{"0":"post-81830","1":"product","2":"type-product","3":"status-publish","4":"has-post-thumbnail","6":"product_brand-madara","7":"product_cat-m","8":"pa_packungsgroesse-30ml","10":"first","11":"instock","12":"shipping-taxable","13":"purchasable","14":"product-type-simple"},"acf":[],"_links":{"self":[{"href":"https:\/\/www.ernstbrunn-apotheke.at\/katalog\/wp-json\/wp\/v2\/product\/81830","targetHints":{"allow":["GET"]}}],"collection":[{"href":"https:\/\/www.ernstbrunn-apotheke.at\/katalog\/wp-json\/wp\/v2\/product"}],"about":[{"href":"https:\/\/www.ernstbrunn-apotheke.at\/katalog\/wp-json\/wp\/v2\/types\/product"}],"wp:featuredmedia":[{"embeddable":true,"href":"https:\/\/www.ernstbrunn-apotheke.at\/katalog\/wp-json\/wp\/v2\/media\/81832"}],"wp:attachment":[{"href":"https:\/\/www.ernstbrunn-apotheke.at\/katalog\/wp-json\/wp\/v2\/media?parent=81830"}],"wp:term":[{"taxonomy":"product_brand","embeddable":true,"href":"https:\/\/www.ernstbrunn-apotheke.at\/katalog\/wp-json\/wp\/v2\/product_brand?post=81830"},{"taxonomy":"product_cat","embeddable":true,"href":"https:\/\/www.ernstbrunn-apotheke.at\/katalog\/wp-json\/wp\/v2\/product_cat?post=81830"},{"taxonomy":"product_tag","embeddable":true,"href":"https:\/\/www.ernstbrunn-apotheke.at\/katalog\/wp-json\/wp\/v2\/product_tag?post=81830"}],"curies":[{"name":"wp","href":"https:\/\/api.w.org\/{rel}","templated":true}]}}