{"id":8177,"date":"2025-11-07T13:38:21","date_gmt":"2025-11-07T12:38:21","guid":{"rendered":"https:\/\/www.ernstbrunn-apotheke.at\/katalog\/produkt\/evo-tears-augentropfen-3ml\/"},"modified":"2025-12-08T13:25:02","modified_gmt":"2025-12-08T12:25:02","slug":"evo-tears-augentropfen-3ml","status":"publish","type":"product","link":"https:\/\/www.ernstbrunn-apotheke.at\/katalog\/produkt\/evo-tears-augentropfen-3ml\/","title":{"rendered":"EVO Tears Augentropfen &#8211; 3ml"},"content":{"rendered":"<p>Seit 2015 stellen die EvoTears\u00ae Augentropfen eine noch nie dagewesene Therapieklasse zur Behandlung trockener Augen dar. Die ersten wasserfreien Tropfen zur Behandlung trockener Augen gehen gezielt die Lipidphasenst\u00f6rung an, die bei fast 60 % der Betroffenen die alleinige Ursache f\u00fcr das Krankheitsbild ist. Dadurch kommt es zu einer fr\u00fchzeitigen Verdunstung des Tr\u00e4nenfilms und somit zu trockenen Augen. Zudem sind EvoTears\u00ae die ersten Augentropfen mit dem innovativen Inhaltsstoff Perfluorhexyloctan. Dank Perfluorhexyloctan verteilen sich die EvoTears\u00ae Augentropfen rasch auf und legen sich wie ein Schutzmantel \u00fcber die Tr\u00e4ne. Somit wird einer \u00fcberm\u00e4\u00dfigen Verdunstung vorgebeugt und die Beschwerden trockener Augen effektiv gelindert. Dabei kann EvoTears\u00ae, dank Wasserfreiheit, auf Hilfsstoffe verzichten. Tr\u00e4nenersatzmittel werden als Basistherapie bei trockenen Augen eingesetzt, wobei rein befeuchtende Augentropfen keinen direkten Einfluss auf eine vorliegende Lipidphasenst\u00f6rung haben. Mit EvoTears\u00ae steht seit 2015 eine noch nie dagewesene Therapieklasse zur Behandlung trockener Augen aufgrund einer Lipidphasenst\u00f6rung zur Verf\u00fcgung.<\/p>\n","protected":false},"excerpt":{"rendered":"<p>Seit 2015 stellen die EvoTears\u00ae Augentropfen eine noch nie dagewesene Therapieklasse zur Behandlung trockener Augen dar. Die ersten wasserfreien Tropfen zur Behandlung trockener Augen gehen gezielt die Lipidphasenst\u00f6rung an, die bei fast 60 % der Betroffenen die alleinige Ursache f\u00fcr das Krankheitsbild ist. Dadurch kommt es zu einer fr\u00fchzeitigen Verdunstung des Tr\u00e4nenfilms und somit zu [&hellip;]<\/p>\n","protected":false},"featured_media":8179,"template":"","meta":{"_acf_changed":false},"product_brand":[],"product_cat":[794],"product_tag":[],"class_list":{"0":"post-8177","1":"product","2":"type-product","3":"status-publish","4":"has-post-thumbnail","6":"product_cat-e","7":"pa_packungsgroesse-3ml","9":"first","10":"instock","11":"shipping-taxable","12":"purchasable","13":"product-type-simple"},"acf":[],"_links":{"self":[{"href":"https:\/\/www.ernstbrunn-apotheke.at\/katalog\/wp-json\/wp\/v2\/product\/8177","targetHints":{"allow":["GET"]}}],"collection":[{"href":"https:\/\/www.ernstbrunn-apotheke.at\/katalog\/wp-json\/wp\/v2\/product"}],"about":[{"href":"https:\/\/www.ernstbrunn-apotheke.at\/katalog\/wp-json\/wp\/v2\/types\/product"}],"wp:featuredmedia":[{"embeddable":true,"href":"https:\/\/www.ernstbrunn-apotheke.at\/katalog\/wp-json\/wp\/v2\/media\/8179"}],"wp:attachment":[{"href":"https:\/\/www.ernstbrunn-apotheke.at\/katalog\/wp-json\/wp\/v2\/media?parent=8177"}],"wp:term":[{"taxonomy":"product_brand","embeddable":true,"href":"https:\/\/www.ernstbrunn-apotheke.at\/katalog\/wp-json\/wp\/v2\/product_brand?post=8177"},{"taxonomy":"product_cat","embeddable":true,"href":"https:\/\/www.ernstbrunn-apotheke.at\/katalog\/wp-json\/wp\/v2\/product_cat?post=8177"},{"taxonomy":"product_tag","embeddable":true,"href":"https:\/\/www.ernstbrunn-apotheke.at\/katalog\/wp-json\/wp\/v2\/product_tag?post=8177"}],"curies":[{"name":"wp","href":"https:\/\/api.w.org\/{rel}","templated":true}]}}