{"id":81655,"date":"2025-11-11T23:21:53","date_gmt":"2025-11-11T22:21:53","guid":{"rendered":"https:\/\/www.ernstbrunn-apotheke.at\/katalog\/produkt\/crataegus-120mg-kapseln-2\/"},"modified":"2025-12-08T19:20:58","modified_gmt":"2025-12-08T18:20:58","slug":"crataegus-120mg-kapseln-2","status":"publish","type":"product","link":"https:\/\/www.ernstbrunn-apotheke.at\/katalog\/produkt\/crataegus-120mg-kapseln-2\/","title":{"rendered":"Crataegus 120mg Kapseln"},"content":{"rendered":"<p>Gall Pharma Crataegus 120 mg Kapseln 90 Stk. enthalten 120 mg Wei\u00dfdornextrakt aus Bl\u00e4ttern und Bl\u00fcten mit 2,3 mg Flavonoiden sowie 265 mg Olivenbl\u00e4tterextrakt in einer Hartgelatinekapsel. Abgeschlagenheit, Leistungsschw\u00e4che, M\u00fcdigkeit und Kreislaufbeschwerden k\u00f6nnen Anzeichen einer Schw\u00e4che des Herz-Kreislaufsystems sein. Gerade in Zeiten erh\u00f6hter Belastung kann es sinnvoll sein, Herz und Gef\u00e4\u00dfsystem \u00fcber die Ern\u00e4hrung mit Wei\u00dfdorn und Olivenbl\u00e4tter zu unterst\u00fctzen.<\/p>\n","protected":false},"excerpt":{"rendered":"<p>Gall Pharma Crataegus 120 mg Kapseln 90 Stk. enthalten 120 mg Wei\u00dfdornextrakt aus Bl\u00e4ttern und Bl\u00fcten mit 2,3 mg Flavonoiden sowie 265 mg Olivenbl\u00e4tterextrakt in einer Hartgelatinekapsel. Abgeschlagenheit, Leistungsschw\u00e4che, M\u00fcdigkeit und Kreislaufbeschwerden k\u00f6nnen Anzeichen einer Schw\u00e4che des Herz-Kreislaufsystems sein. Gerade in Zeiten erh\u00f6hter Belastung kann es sinnvoll sein, Herz und Gef\u00e4\u00dfsystem \u00fcber die Ern\u00e4hrung mit [&hellip;]<\/p>\n","protected":false},"featured_media":81657,"template":"","meta":{"_acf_changed":false},"product_brand":[371],"product_cat":[812],"product_tag":[],"class_list":{"0":"post-81655","1":"product","2":"type-product","3":"status-publish","4":"has-post-thumbnail","6":"product_brand-gall-pharma","7":"product_cat-c","8":"pa_packungsgroesse-90-stueck","10":"first","11":"instock","12":"shipping-taxable","13":"purchasable","14":"product-type-simple"},"acf":[],"_links":{"self":[{"href":"https:\/\/www.ernstbrunn-apotheke.at\/katalog\/wp-json\/wp\/v2\/product\/81655","targetHints":{"allow":["GET"]}}],"collection":[{"href":"https:\/\/www.ernstbrunn-apotheke.at\/katalog\/wp-json\/wp\/v2\/product"}],"about":[{"href":"https:\/\/www.ernstbrunn-apotheke.at\/katalog\/wp-json\/wp\/v2\/types\/product"}],"wp:featuredmedia":[{"embeddable":true,"href":"https:\/\/www.ernstbrunn-apotheke.at\/katalog\/wp-json\/wp\/v2\/media\/81657"}],"wp:attachment":[{"href":"https:\/\/www.ernstbrunn-apotheke.at\/katalog\/wp-json\/wp\/v2\/media?parent=81655"}],"wp:term":[{"taxonomy":"product_brand","embeddable":true,"href":"https:\/\/www.ernstbrunn-apotheke.at\/katalog\/wp-json\/wp\/v2\/product_brand?post=81655"},{"taxonomy":"product_cat","embeddable":true,"href":"https:\/\/www.ernstbrunn-apotheke.at\/katalog\/wp-json\/wp\/v2\/product_cat?post=81655"},{"taxonomy":"product_tag","embeddable":true,"href":"https:\/\/www.ernstbrunn-apotheke.at\/katalog\/wp-json\/wp\/v2\/product_tag?post=81655"}],"curies":[{"name":"wp","href":"https:\/\/api.w.org\/{rel}","templated":true}]}}