{"id":81503,"date":"2025-11-11T23:19:41","date_gmt":"2025-11-11T22:19:41","guid":{"rendered":"https:\/\/www.ernstbrunn-apotheke.at\/katalog\/produkt\/tiroler-steinoel-massageoel-3\/"},"modified":"2025-12-08T19:20:01","modified_gmt":"2025-12-08T18:20:01","slug":"tiroler-steinoel-massageoel-3","status":"publish","type":"product","link":"https:\/\/www.ernstbrunn-apotheke.at\/katalog\/produkt\/tiroler-steinoel-massageoel-3\/","title":{"rendered":"Tiroler Stein\u00f6l Massage\u00f6l"},"content":{"rendered":"<p>Tiroler Stein\u00f6l Massagel verw\u00f6hnt Ihren K\u00f6rper durch eine Massage mit harmonisch abgestimmten, erlesenen \u00d6len. Das \u00d6l belebt und entspannt die Muskulatur und vermittelt ein Gef\u00fchl der Vitalit\u00e4t und Fitness..<\/p>\n","protected":false},"excerpt":{"rendered":"<p>Tiroler Stein\u00f6l Massagel verw\u00f6hnt Ihren K\u00f6rper durch eine Massage mit harmonisch abgestimmten, erlesenen \u00d6len. Das \u00d6l belebt und entspannt die Muskulatur und vermittelt ein Gef\u00fchl der Vitalit\u00e4t und Fitness..<\/p>\n","protected":false},"featured_media":81505,"template":"","meta":{"_acf_changed":false},"product_brand":[811],"product_cat":[798],"product_tag":[],"class_list":{"0":"post-81503","1":"product","2":"type-product","3":"status-publish","4":"has-post-thumbnail","6":"product_brand-tiroler-steinoel","7":"product_cat-t","8":"pa_packungsgroesse-500ml","10":"first","11":"instock","12":"shipping-taxable","13":"purchasable","14":"product-type-simple"},"acf":[],"_links":{"self":[{"href":"https:\/\/www.ernstbrunn-apotheke.at\/katalog\/wp-json\/wp\/v2\/product\/81503","targetHints":{"allow":["GET"]}}],"collection":[{"href":"https:\/\/www.ernstbrunn-apotheke.at\/katalog\/wp-json\/wp\/v2\/product"}],"about":[{"href":"https:\/\/www.ernstbrunn-apotheke.at\/katalog\/wp-json\/wp\/v2\/types\/product"}],"wp:featuredmedia":[{"embeddable":true,"href":"https:\/\/www.ernstbrunn-apotheke.at\/katalog\/wp-json\/wp\/v2\/media\/81505"}],"wp:attachment":[{"href":"https:\/\/www.ernstbrunn-apotheke.at\/katalog\/wp-json\/wp\/v2\/media?parent=81503"}],"wp:term":[{"taxonomy":"product_brand","embeddable":true,"href":"https:\/\/www.ernstbrunn-apotheke.at\/katalog\/wp-json\/wp\/v2\/product_brand?post=81503"},{"taxonomy":"product_cat","embeddable":true,"href":"https:\/\/www.ernstbrunn-apotheke.at\/katalog\/wp-json\/wp\/v2\/product_cat?post=81503"},{"taxonomy":"product_tag","embeddable":true,"href":"https:\/\/www.ernstbrunn-apotheke.at\/katalog\/wp-json\/wp\/v2\/product_tag?post=81503"}],"curies":[{"name":"wp","href":"https:\/\/api.w.org\/{rel}","templated":true}]}}