{"id":81500,"date":"2025-11-11T23:19:41","date_gmt":"2025-11-11T22:19:41","guid":{"rendered":"https:\/\/www.ernstbrunn-apotheke.at\/katalog\/produkt\/adler-pharma-schuessler-nr-24-arsen-jodatum-500-g-d-12\/"},"modified":"2025-12-08T19:20:00","modified_gmt":"2025-12-08T18:20:00","slug":"adler-pharma-schuessler-nr-24-arsen-jodatum-500-g-d-12","status":"publish","type":"product","link":"https:\/\/www.ernstbrunn-apotheke.at\/katalog\/produkt\/adler-pharma-schuessler-nr-24-arsen-jodatum-500-g-d-12\/","title":{"rendered":"Adler Pharma Sch\u00fc\u00dfler Nr. 24 Arsen Jodatum 500 g D 12"},"content":{"rendered":"<p>Sch\u00fc\u00dfler Nr. 24 Arsen Jodatum wirkt zwar auf den ganzen Organismus, jedoch vor allem aber auf die Haut und Schleimh\u00e4ute. Au\u00dferdem wird der K\u00f6rper bei der Herstellung des Schilddr\u00fcsenhormons Thyroxin von Jod-Ionen unterst\u00fctzt. Denn wenn der K\u00f6rper zu wenig Thyroxin bildet, kann ein Kropf entstehen oder eine allgemeine Schw\u00e4che auftreten.<\/p>\n","protected":false},"excerpt":{"rendered":"<p>Sch\u00fc\u00dfler Nr. 24 Arsen Jodatum wirkt zwar auf den ganzen Organismus, jedoch vor allem aber auf die Haut und Schleimh\u00e4ute. Au\u00dferdem wird der K\u00f6rper bei der Herstellung des Schilddr\u00fcsenhormons Thyroxin von Jod-Ionen unterst\u00fctzt. Denn wenn der K\u00f6rper zu wenig Thyroxin bildet, kann ein Kropf entstehen oder eine allgemeine Schw\u00e4che auftreten.<\/p>\n","protected":false},"featured_media":81502,"template":"","meta":{"_acf_changed":false},"product_brand":[928],"product_cat":[801],"product_tag":[],"class_list":{"0":"post-81500","1":"product","2":"type-product","3":"status-publish","4":"has-post-thumbnail","6":"product_brand-adler-pharma","7":"product_cat-a","8":"pa_packungsgroesse-500g","10":"first","11":"instock","12":"shipping-taxable","13":"purchasable","14":"product-type-simple"},"acf":[],"_links":{"self":[{"href":"https:\/\/www.ernstbrunn-apotheke.at\/katalog\/wp-json\/wp\/v2\/product\/81500","targetHints":{"allow":["GET"]}}],"collection":[{"href":"https:\/\/www.ernstbrunn-apotheke.at\/katalog\/wp-json\/wp\/v2\/product"}],"about":[{"href":"https:\/\/www.ernstbrunn-apotheke.at\/katalog\/wp-json\/wp\/v2\/types\/product"}],"wp:featuredmedia":[{"embeddable":true,"href":"https:\/\/www.ernstbrunn-apotheke.at\/katalog\/wp-json\/wp\/v2\/media\/81502"}],"wp:attachment":[{"href":"https:\/\/www.ernstbrunn-apotheke.at\/katalog\/wp-json\/wp\/v2\/media?parent=81500"}],"wp:term":[{"taxonomy":"product_brand","embeddable":true,"href":"https:\/\/www.ernstbrunn-apotheke.at\/katalog\/wp-json\/wp\/v2\/product_brand?post=81500"},{"taxonomy":"product_cat","embeddable":true,"href":"https:\/\/www.ernstbrunn-apotheke.at\/katalog\/wp-json\/wp\/v2\/product_cat?post=81500"},{"taxonomy":"product_tag","embeddable":true,"href":"https:\/\/www.ernstbrunn-apotheke.at\/katalog\/wp-json\/wp\/v2\/product_tag?post=81500"}],"curies":[{"name":"wp","href":"https:\/\/api.w.org\/{rel}","templated":true}]}}