{"id":81496,"date":"2025-11-11T23:19:41","date_gmt":"2025-11-11T22:19:41","guid":{"rendered":"https:\/\/www.ernstbrunn-apotheke.at\/katalog\/produkt\/bioglide-gleitgel-safe-100-ml\/"},"modified":"2025-12-08T19:19:58","modified_gmt":"2025-12-08T18:19:58","slug":"bioglide-gleitgel-safe-100-ml","status":"publish","type":"product","link":"https:\/\/www.ernstbrunn-apotheke.at\/katalog\/produkt\/bioglide-gleitgel-safe-100-ml\/","title":{"rendered":"Bioglide Gleitgel Safe 100 ml"},"content":{"rendered":"<p>Bioglide Gleitgel Safe kann vor Infektionen mit humanen Papillomaviren (HPV) sch\u00fctzen. Das durch den Geschlechtsverkehr \u00fcbertragene Virus kann bei Frauen zu Geb\u00e4rmutterhalskrebs und Genitalwarzen f\u00fchren. Der hochwertige Inhaltsstoff Carrageen kann das Andocken des Virus an menschliche Zellen verhindern. Carrageen fungiert als eine nat\u00fcrliche Barriere.<\/p>\n","protected":false},"excerpt":{"rendered":"<p>Bioglide Gleitgel Safe kann vor Infektionen mit humanen Papillomaviren (HPV) sch\u00fctzen. Das durch den Geschlechtsverkehr \u00fcbertragene Virus kann bei Frauen zu Geb\u00e4rmutterhalskrebs und Genitalwarzen f\u00fchren. Der hochwertige Inhaltsstoff Carrageen kann das Andocken des Virus an menschliche Zellen verhindern. Carrageen fungiert als eine nat\u00fcrliche Barriere.<\/p>\n","protected":false},"featured_media":81498,"template":"","meta":{"_acf_changed":false},"product_brand":[],"product_cat":[802],"product_tag":[],"class_list":{"0":"post-81496","1":"product","2":"type-product","3":"status-publish","4":"has-post-thumbnail","6":"product_cat-b","7":"pa_packungsgroesse-100ml","9":"first","10":"instock","11":"shipping-taxable","12":"purchasable","13":"product-type-simple"},"acf":[],"_links":{"self":[{"href":"https:\/\/www.ernstbrunn-apotheke.at\/katalog\/wp-json\/wp\/v2\/product\/81496","targetHints":{"allow":["GET"]}}],"collection":[{"href":"https:\/\/www.ernstbrunn-apotheke.at\/katalog\/wp-json\/wp\/v2\/product"}],"about":[{"href":"https:\/\/www.ernstbrunn-apotheke.at\/katalog\/wp-json\/wp\/v2\/types\/product"}],"wp:featuredmedia":[{"embeddable":true,"href":"https:\/\/www.ernstbrunn-apotheke.at\/katalog\/wp-json\/wp\/v2\/media\/81498"}],"wp:attachment":[{"href":"https:\/\/www.ernstbrunn-apotheke.at\/katalog\/wp-json\/wp\/v2\/media?parent=81496"}],"wp:term":[{"taxonomy":"product_brand","embeddable":true,"href":"https:\/\/www.ernstbrunn-apotheke.at\/katalog\/wp-json\/wp\/v2\/product_brand?post=81496"},{"taxonomy":"product_cat","embeddable":true,"href":"https:\/\/www.ernstbrunn-apotheke.at\/katalog\/wp-json\/wp\/v2\/product_cat?post=81496"},{"taxonomy":"product_tag","embeddable":true,"href":"https:\/\/www.ernstbrunn-apotheke.at\/katalog\/wp-json\/wp\/v2\/product_tag?post=81496"}],"curies":[{"name":"wp","href":"https:\/\/api.w.org\/{rel}","templated":true}]}}