{"id":81467,"date":"2025-11-11T23:19:04","date_gmt":"2025-11-11T22:19:04","guid":{"rendered":"https:\/\/www.ernstbrunn-apotheke.at\/katalog\/produkt\/pharmos-natur-sesamkraft-250-g\/"},"modified":"2025-12-08T19:19:45","modified_gmt":"2025-12-08T18:19:45","slug":"pharmos-natur-sesamkraft-250-g","status":"publish","type":"product","link":"https:\/\/www.ernstbrunn-apotheke.at\/katalog\/produkt\/pharmos-natur-sesamkraft-250-g\/","title":{"rendered":"Pharmos Natur Sesamkraft 250 g"},"content":{"rendered":"<p>Pharmos Natur Sesamkraft ist eine ideale Alternative zu allen Milchprodukten da es hochwertiges pflanzliches Eiwei\u00df ohne Gluten und ohne Lactose enth\u00e4lt. F\u00fcr sch\u00f6ne, gesunde Haut, feste Fingern\u00e4gel und gl\u00e4nzende, dichte Haare &#8211; jetzt stark preisreduziert bestellen!<\/p>\n","protected":false},"excerpt":{"rendered":"<p>Pharmos Natur Sesamkraft ist eine ideale Alternative zu allen Milchprodukten da es hochwertiges pflanzliches Eiwei\u00df ohne Gluten und ohne Lactose enth\u00e4lt. F\u00fcr sch\u00f6ne, gesunde Haut, feste Fingern\u00e4gel und gl\u00e4nzende, dichte Haare &#8211; jetzt stark preisreduziert bestellen!<\/p>\n","protected":false},"featured_media":81469,"template":"","meta":{"_acf_changed":false},"product_brand":[],"product_cat":[793],"product_tag":[],"class_list":{"0":"post-81467","1":"product","2":"type-product","3":"status-publish","4":"has-post-thumbnail","6":"product_cat-p","7":"pa_packungsgroesse-250g","9":"first","10":"instock","11":"shipping-taxable","12":"purchasable","13":"product-type-simple"},"acf":[],"_links":{"self":[{"href":"https:\/\/www.ernstbrunn-apotheke.at\/katalog\/wp-json\/wp\/v2\/product\/81467","targetHints":{"allow":["GET"]}}],"collection":[{"href":"https:\/\/www.ernstbrunn-apotheke.at\/katalog\/wp-json\/wp\/v2\/product"}],"about":[{"href":"https:\/\/www.ernstbrunn-apotheke.at\/katalog\/wp-json\/wp\/v2\/types\/product"}],"wp:featuredmedia":[{"embeddable":true,"href":"https:\/\/www.ernstbrunn-apotheke.at\/katalog\/wp-json\/wp\/v2\/media\/81469"}],"wp:attachment":[{"href":"https:\/\/www.ernstbrunn-apotheke.at\/katalog\/wp-json\/wp\/v2\/media?parent=81467"}],"wp:term":[{"taxonomy":"product_brand","embeddable":true,"href":"https:\/\/www.ernstbrunn-apotheke.at\/katalog\/wp-json\/wp\/v2\/product_brand?post=81467"},{"taxonomy":"product_cat","embeddable":true,"href":"https:\/\/www.ernstbrunn-apotheke.at\/katalog\/wp-json\/wp\/v2\/product_cat?post=81467"},{"taxonomy":"product_tag","embeddable":true,"href":"https:\/\/www.ernstbrunn-apotheke.at\/katalog\/wp-json\/wp\/v2\/product_tag?post=81467"}],"curies":[{"name":"wp","href":"https:\/\/api.w.org\/{rel}","templated":true}]}}