{"id":81448,"date":"2025-11-11T23:18:26","date_gmt":"2025-11-11T22:18:26","guid":{"rendered":"https:\/\/www.ernstbrunn-apotheke.at\/katalog\/produkt\/sanatur-bio-weizengras-tabletten-400-mg-250-stk\/"},"modified":"2025-12-08T19:19:36","modified_gmt":"2025-12-08T18:19:36","slug":"sanatur-bio-weizengras-tabletten-400-mg-250-stk","status":"publish","type":"product","link":"https:\/\/www.ernstbrunn-apotheke.at\/katalog\/produkt\/sanatur-bio-weizengras-tabletten-400-mg-250-stk\/","title":{"rendered":"Sanatur Bio Weizengras Tabletten 400 mg 250 Stk."},"content":{"rendered":"<p>Sanatur Bio Weizengras Tabletten 400 mg bereichern eine vollwertige Ern\u00e4hrung mit Ballaststoffen. Sie werden besonders w\u00e4hrend Ern\u00e4hrungsumstellungen oder im Zuge einer basenreichen Ern\u00e4hrung gesch\u00e4tzt. Das Produkt enth\u00e4lt ausschlie\u00dflich biologisch Inhaltsstoffe.<\/p>\n","protected":false},"excerpt":{"rendered":"<p>Sanatur Bio Weizengras Tabletten 400 mg bereichern eine vollwertige Ern\u00e4hrung mit Ballaststoffen. Sie werden besonders w\u00e4hrend Ern\u00e4hrungsumstellungen oder im Zuge einer basenreichen Ern\u00e4hrung gesch\u00e4tzt. Das Produkt enth\u00e4lt ausschlie\u00dflich biologisch Inhaltsstoffe.<\/p>\n","protected":false},"featured_media":81450,"template":"","meta":{"_acf_changed":false},"product_brand":[],"product_cat":[791],"product_tag":[],"class_list":{"0":"post-81448","1":"product","2":"type-product","3":"status-publish","4":"has-post-thumbnail","6":"product_cat-s","7":"pa_packungsgroesse-250-stueck","9":"first","10":"instock","11":"shipping-taxable","12":"purchasable","13":"product-type-simple"},"acf":[],"_links":{"self":[{"href":"https:\/\/www.ernstbrunn-apotheke.at\/katalog\/wp-json\/wp\/v2\/product\/81448","targetHints":{"allow":["GET"]}}],"collection":[{"href":"https:\/\/www.ernstbrunn-apotheke.at\/katalog\/wp-json\/wp\/v2\/product"}],"about":[{"href":"https:\/\/www.ernstbrunn-apotheke.at\/katalog\/wp-json\/wp\/v2\/types\/product"}],"wp:featuredmedia":[{"embeddable":true,"href":"https:\/\/www.ernstbrunn-apotheke.at\/katalog\/wp-json\/wp\/v2\/media\/81450"}],"wp:attachment":[{"href":"https:\/\/www.ernstbrunn-apotheke.at\/katalog\/wp-json\/wp\/v2\/media?parent=81448"}],"wp:term":[{"taxonomy":"product_brand","embeddable":true,"href":"https:\/\/www.ernstbrunn-apotheke.at\/katalog\/wp-json\/wp\/v2\/product_brand?post=81448"},{"taxonomy":"product_cat","embeddable":true,"href":"https:\/\/www.ernstbrunn-apotheke.at\/katalog\/wp-json\/wp\/v2\/product_cat?post=81448"},{"taxonomy":"product_tag","embeddable":true,"href":"https:\/\/www.ernstbrunn-apotheke.at\/katalog\/wp-json\/wp\/v2\/product_tag?post=81448"}],"curies":[{"name":"wp","href":"https:\/\/api.w.org\/{rel}","templated":true}]}}