{"id":81442,"date":"2025-11-11T23:18:26","date_gmt":"2025-11-11T22:18:26","guid":{"rendered":"https:\/\/www.ernstbrunn-apotheke.at\/katalog\/produkt\/life-light-kapseln-immuno-effekt\/"},"modified":"2025-12-08T19:19:34","modified_gmt":"2025-12-08T18:19:34","slug":"life-light-kapseln-immuno-effekt","status":"publish","type":"product","link":"https:\/\/www.ernstbrunn-apotheke.at\/katalog\/produkt\/life-light-kapseln-immuno-effekt\/","title":{"rendered":"Life Light Kapseln Immuno Effekt"},"content":{"rendered":"<p>Life Light Kapseln Immuno Effekt sind ein hochwertiger Mikron\u00e4hrstoffkomplex mit gepuffertem Vitamin C und Zink, die zu einer normalen Funktion des Immunsystems beitragen. Die Formulierung enth\u00e4lt keine Ascorbins\u00e4ure und ist daher auch f\u00fcr Menschen mit empfindlichem Magen geeignet.<\/p>\n","protected":false},"excerpt":{"rendered":"<p>Life Light Kapseln Immuno Effekt sind ein hochwertiger Mikron\u00e4hrstoffkomplex mit gepuffertem Vitamin C und Zink, die zu einer normalen Funktion des Immunsystems beitragen. Die Formulierung enth\u00e4lt keine Ascorbins\u00e4ure und ist daher auch f\u00fcr Menschen mit empfindlichem Magen geeignet.<\/p>\n","protected":false},"featured_media":81444,"template":"","meta":{"_acf_changed":false},"product_brand":[],"product_cat":[795],"product_tag":[],"class_list":{"0":"post-81442","1":"product","2":"type-product","3":"status-publish","4":"has-post-thumbnail","6":"product_cat-l","7":"pa_packungsgroesse-60-stueck","9":"first","10":"instock","11":"shipping-taxable","12":"purchasable","13":"product-type-simple"},"acf":[],"_links":{"self":[{"href":"https:\/\/www.ernstbrunn-apotheke.at\/katalog\/wp-json\/wp\/v2\/product\/81442","targetHints":{"allow":["GET"]}}],"collection":[{"href":"https:\/\/www.ernstbrunn-apotheke.at\/katalog\/wp-json\/wp\/v2\/product"}],"about":[{"href":"https:\/\/www.ernstbrunn-apotheke.at\/katalog\/wp-json\/wp\/v2\/types\/product"}],"wp:featuredmedia":[{"embeddable":true,"href":"https:\/\/www.ernstbrunn-apotheke.at\/katalog\/wp-json\/wp\/v2\/media\/81444"}],"wp:attachment":[{"href":"https:\/\/www.ernstbrunn-apotheke.at\/katalog\/wp-json\/wp\/v2\/media?parent=81442"}],"wp:term":[{"taxonomy":"product_brand","embeddable":true,"href":"https:\/\/www.ernstbrunn-apotheke.at\/katalog\/wp-json\/wp\/v2\/product_brand?post=81442"},{"taxonomy":"product_cat","embeddable":true,"href":"https:\/\/www.ernstbrunn-apotheke.at\/katalog\/wp-json\/wp\/v2\/product_cat?post=81442"},{"taxonomy":"product_tag","embeddable":true,"href":"https:\/\/www.ernstbrunn-apotheke.at\/katalog\/wp-json\/wp\/v2\/product_tag?post=81442"}],"curies":[{"name":"wp","href":"https:\/\/api.w.org\/{rel}","templated":true}]}}