{"id":81344,"date":"2025-11-11T23:17:05","date_gmt":"2025-11-11T22:17:05","guid":{"rendered":"https:\/\/www.ernstbrunn-apotheke.at\/katalog\/produkt\/bios-alphaliponsaeure-kapseln\/"},"modified":"2025-12-08T19:18:40","modified_gmt":"2025-12-08T18:18:40","slug":"bios-alphaliponsaeure-kapseln","status":"publish","type":"product","link":"https:\/\/www.ernstbrunn-apotheke.at\/katalog\/produkt\/bios-alphaliponsaeure-kapseln\/","title":{"rendered":"Bios Alphalipons\u00e4ure Kapseln"},"content":{"rendered":"<p>Bios Alphalipons\u00e4ure Kapseln enthalten 150 mg Alpha-Lipons\u00e4ure in einer Hartgelatinekapsel. Alpha-Lipons\u00e4ure, auch Thiocts\u00e4ure genannt, ist eine vitamin\u00e4hnliche k\u00f6rpereigene Substanz, welche vor allem in Geweben mit intensivem Energiestoffwechsel vorkommt.<\/p>\n","protected":false},"excerpt":{"rendered":"<p>Bios Alphalipons\u00e4ure Kapseln enthalten 150 mg Alpha-Lipons\u00e4ure in einer Hartgelatinekapsel. Alpha-Lipons\u00e4ure, auch Thiocts\u00e4ure genannt, ist eine vitamin\u00e4hnliche k\u00f6rpereigene Substanz, welche vor allem in Geweben mit intensivem Energiestoffwechsel vorkommt.<\/p>\n","protected":false},"featured_media":81346,"template":"","meta":{"_acf_changed":false},"product_brand":[],"product_cat":[802],"product_tag":[],"class_list":{"0":"post-81344","1":"product","2":"type-product","3":"status-publish","4":"has-post-thumbnail","6":"product_cat-b","7":"pa_packungsgroesse-100-stueck","9":"first","10":"instock","11":"shipping-taxable","12":"purchasable","13":"product-type-simple"},"acf":[],"_links":{"self":[{"href":"https:\/\/www.ernstbrunn-apotheke.at\/katalog\/wp-json\/wp\/v2\/product\/81344","targetHints":{"allow":["GET"]}}],"collection":[{"href":"https:\/\/www.ernstbrunn-apotheke.at\/katalog\/wp-json\/wp\/v2\/product"}],"about":[{"href":"https:\/\/www.ernstbrunn-apotheke.at\/katalog\/wp-json\/wp\/v2\/types\/product"}],"wp:featuredmedia":[{"embeddable":true,"href":"https:\/\/www.ernstbrunn-apotheke.at\/katalog\/wp-json\/wp\/v2\/media\/81346"}],"wp:attachment":[{"href":"https:\/\/www.ernstbrunn-apotheke.at\/katalog\/wp-json\/wp\/v2\/media?parent=81344"}],"wp:term":[{"taxonomy":"product_brand","embeddable":true,"href":"https:\/\/www.ernstbrunn-apotheke.at\/katalog\/wp-json\/wp\/v2\/product_brand?post=81344"},{"taxonomy":"product_cat","embeddable":true,"href":"https:\/\/www.ernstbrunn-apotheke.at\/katalog\/wp-json\/wp\/v2\/product_cat?post=81344"},{"taxonomy":"product_tag","embeddable":true,"href":"https:\/\/www.ernstbrunn-apotheke.at\/katalog\/wp-json\/wp\/v2\/product_tag?post=81344"}],"curies":[{"name":"wp","href":"https:\/\/api.w.org\/{rel}","templated":true}]}}